{"id":562,"date":"2023-12-09T16:22:23","date_gmt":"2023-12-09T15:22:23","guid":{"rendered":"http:\/\/lilibelleetmarius.fr\/?post_type=product&#038;p=562"},"modified":"2023-12-09T16:22:23","modified_gmt":"2023-12-09T15:22:23","slug":"personnalisation","status":"publish","type":"product","link":"https:\/\/lilibelleetmarius.fr\/index.php\/produit\/personnalisation\/","title":{"rendered":"Personnalisation"},"content":{"rendered":"<p>Article \u00e0 s\u00e9lectionner pour demander une personnalisation (pr\u00e9nom, surnom, mot doux,etc).<\/p>\n<p>Je personnalise vos coups de coeurs avec du vinyl thermocoll\u00e9 tr\u00e8s r\u00e9sistant, c&#8217;est simple il suffit de me contacter avant de valider votre panier (choix de couleur, style d&#8217;\u00e9criture, positionnement).<\/p>\n<p>Attention: uniquement pour les pi\u00e8ces en coton.<\/p>\n","protected":false},"excerpt":{"rendered":"<p>Article \u00e0 s\u00e9lectionner pour demander une personnalisation (pr\u00e9nom, surnom, mot doux,etc). Je personnalise vos coups de coeurs avec du vinyl thermocoll\u00e9 tr\u00e8s r\u00e9sistant, c&#8217;est simple il suffit de me contacter avant de valider votre panier (choix de couleur, style d&#8217;\u00e9criture, positionnement). Attention: uniquement pour les pi\u00e8ces en coton.<\/p>\n","protected":false},"featured_media":0,"comment_status":"open","ping_status":"closed","template":"","meta":[],"_links":{"self":[{"href":"https:\/\/lilibelleetmarius.fr\/index.php\/wp-json\/wp\/v2\/product\/562"}],"collection":[{"href":"https:\/\/lilibelleetmarius.fr\/index.php\/wp-json\/wp\/v2\/product"}],"about":[{"href":"https:\/\/lilibelleetmarius.fr\/index.php\/wp-json\/wp\/v2\/types\/product"}],"replies":[{"embeddable":true,"href":"https:\/\/lilibelleetmarius.fr\/index.php\/wp-json\/wp\/v2\/comments?post=562"}],"version-history":[{"count":1,"href":"https:\/\/lilibelleetmarius.fr\/index.php\/wp-json\/wp\/v2\/product\/562\/revisions"}],"predecessor-version":[{"id":563,"href":"https:\/\/lilibelleetmarius.fr\/index.php\/wp-json\/wp\/v2\/product\/562\/revisions\/563"}],"wp:attachment":[{"href":"https:\/\/lilibelleetmarius.fr\/index.php\/wp-json\/wp\/v2\/media?parent=562"}],"curies":[{"name":"wp","href":"https:\/\/api.w.org\/{rel}","templated":true}]}}