{"id":478,"date":"2021-03-18T15:09:41","date_gmt":"2021-03-18T14:09:41","guid":{"rendered":"http:\/\/lilibelleetmarius.fr\/?post_type=product&#038;p=478"},"modified":"2021-03-18T15:09:41","modified_gmt":"2021-03-18T14:09:41","slug":"tote-bag-ourson","status":"publish","type":"product","link":"https:\/\/lilibelleetmarius.fr\/index.php\/produit\/tote-bag-ourson\/","title":{"rendered":"Tote bag &#8220;ourson&#8221;"},"content":{"rendered":"<p><img loading=\"lazy\" class=\"alignnone size-medium wp-image-479\" src=\"http:\/\/lilibelleetmarius.fr\/wp-content\/uploads\/2021\/03\/20201110_101742-225x300.jpg\" alt=\"\" width=\"225\" height=\"300\" srcset=\"https:\/\/lilibelleetmarius.fr\/wp-content\/uploads\/2021\/03\/20201110_101742-225x300.jpg 225w, https:\/\/lilibelleetmarius.fr\/wp-content\/uploads\/2021\/03\/20201110_101742-768x1024.jpg 768w, https:\/\/lilibelleetmarius.fr\/wp-content\/uploads\/2021\/03\/20201110_101742-1152x1536.jpg 1152w, https:\/\/lilibelleetmarius.fr\/wp-content\/uploads\/2021\/03\/20201110_101742-1536x2048.jpg 1536w, https:\/\/lilibelleetmarius.fr\/wp-content\/uploads\/2021\/03\/20201110_101742-600x800.jpg 600w, https:\/\/lilibelleetmarius.fr\/wp-content\/uploads\/2021\/03\/20201110_101742-scaled.jpg 1920w\" sizes=\"(max-width: 225px) 100vw, 225px\" \/> <img loading=\"lazy\" class=\"alignnone size-medium wp-image-480\" src=\"http:\/\/lilibelleetmarius.fr\/wp-content\/uploads\/2021\/03\/20201110_101746-225x300.jpg\" alt=\"\" width=\"225\" height=\"300\" srcset=\"https:\/\/lilibelleetmarius.fr\/wp-content\/uploads\/2021\/03\/20201110_101746-225x300.jpg 225w, https:\/\/lilibelleetmarius.fr\/wp-content\/uploads\/2021\/03\/20201110_101746-768x1024.jpg 768w, https:\/\/lilibelleetmarius.fr\/wp-content\/uploads\/2021\/03\/20201110_101746-1152x1536.jpg 1152w, https:\/\/lilibelleetmarius.fr\/wp-content\/uploads\/2021\/03\/20201110_101746-1536x2048.jpg 1536w, https:\/\/lilibelleetmarius.fr\/wp-content\/uploads\/2021\/03\/20201110_101746-600x800.jpg 600w, https:\/\/lilibelleetmarius.fr\/wp-content\/uploads\/2021\/03\/20201110_101746-scaled.jpg 1920w\" sizes=\"(max-width: 225px) 100vw, 225px\" \/> <img loading=\"lazy\" class=\"alignnone size-medium wp-image-481\" src=\"http:\/\/lilibelleetmarius.fr\/wp-content\/uploads\/2021\/03\/20201110_101759-225x300.jpg\" alt=\"\" width=\"225\" height=\"300\" srcset=\"https:\/\/lilibelleetmarius.fr\/wp-content\/uploads\/2021\/03\/20201110_101759-225x300.jpg 225w, https:\/\/lilibelleetmarius.fr\/wp-content\/uploads\/2021\/03\/20201110_101759-768x1024.jpg 768w, https:\/\/lilibelleetmarius.fr\/wp-content\/uploads\/2021\/03\/20201110_101759-1152x1536.jpg 1152w, https:\/\/lilibelleetmarius.fr\/wp-content\/uploads\/2021\/03\/20201110_101759-1536x2048.jpg 1536w, https:\/\/lilibelleetmarius.fr\/wp-content\/uploads\/2021\/03\/20201110_101759-600x800.jpg 600w, https:\/\/lilibelleetmarius.fr\/wp-content\/uploads\/2021\/03\/20201110_101759-scaled.jpg 1920w\" sizes=\"(max-width: 225px) 100vw, 225px\" \/><\/p>\n","protected":false},"excerpt":{"rendered":"<p>Qui ne connais pas le Tote bag aujourd&#8217;hui? quasi personne hein?<\/p>\n<p>Fini le sac de poche basique! voil\u00e0 un mod\u00e8le plus cool..;-)<\/p>\n<p>Tote bag avec une pi\u00e8ce de simili cuir en d\u00e9co et les anses d\u00e9cor\u00e9es avec un joli ruban.<\/p>\n<p>entretien machine 30\u00b0C, repassage classique.<\/p>\n","protected":false},"featured_media":479,"comment_status":"open","ping_status":"closed","template":"","meta":[],"_links":{"self":[{"href":"https:\/\/lilibelleetmarius.fr\/index.php\/wp-json\/wp\/v2\/product\/478"}],"collection":[{"href":"https:\/\/lilibelleetmarius.fr\/index.php\/wp-json\/wp\/v2\/product"}],"about":[{"href":"https:\/\/lilibelleetmarius.fr\/index.php\/wp-json\/wp\/v2\/types\/product"}],"replies":[{"embeddable":true,"href":"https:\/\/lilibelleetmarius.fr\/index.php\/wp-json\/wp\/v2\/comments?post=478"}],"version-history":[{"count":1,"href":"https:\/\/lilibelleetmarius.fr\/index.php\/wp-json\/wp\/v2\/product\/478\/revisions"}],"predecessor-version":[{"id":482,"href":"https:\/\/lilibelleetmarius.fr\/index.php\/wp-json\/wp\/v2\/product\/478\/revisions\/482"}],"wp:featuredmedia":[{"embeddable":true,"href":"https:\/\/lilibelleetmarius.fr\/index.php\/wp-json\/wp\/v2\/media\/479"}],"wp:attachment":[{"href":"https:\/\/lilibelleetmarius.fr\/index.php\/wp-json\/wp\/v2\/media?parent=478"}],"curies":[{"name":"wp","href":"https:\/\/api.w.org\/{rel}","templated":true}]}}