{"id":466,"date":"2021-03-18T14:55:13","date_gmt":"2021-03-18T13:55:13","guid":{"rendered":"http:\/\/lilibelleetmarius.fr\/?post_type=product&#038;p=466"},"modified":"2021-03-18T15:04:29","modified_gmt":"2021-03-18T14:04:29","slug":"sac-en-simili-cuir-grand-modele","status":"publish","type":"product","link":"https:\/\/lilibelleetmarius.fr\/index.php\/produit\/sac-en-simili-cuir-grand-modele\/","title":{"rendered":"Sac en simili cuir &#8220;Bali&#8221; grand mod\u00e8le"},"content":{"rendered":"<p><img loading=\"lazy\" class=\"alignnone wp-image-468\" style=\"font-weight: inherit;\" src=\"http:\/\/lilibelleetmarius.fr\/wp-content\/uploads\/2021\/03\/IMG-20200924-WA0031-225x300.jpg\" alt=\"\" width=\"247\" height=\"329\" srcset=\"https:\/\/lilibelleetmarius.fr\/wp-content\/uploads\/2021\/03\/IMG-20200924-WA0031-225x300.jpg 225w, https:\/\/lilibelleetmarius.fr\/wp-content\/uploads\/2021\/03\/IMG-20200924-WA0031-768x1024.jpg 768w, https:\/\/lilibelleetmarius.fr\/wp-content\/uploads\/2021\/03\/IMG-20200924-WA0031-1152x1536.jpg 1152w, https:\/\/lilibelleetmarius.fr\/wp-content\/uploads\/2021\/03\/IMG-20200924-WA0031-600x800.jpg 600w, https:\/\/lilibelleetmarius.fr\/wp-content\/uploads\/2021\/03\/IMG-20200924-WA0031.jpg 1200w\" sizes=\"(max-width: 247px) 100vw, 247px\" \/><img loading=\"lazy\" class=\"alignnone wp-image-467\" src=\"http:\/\/lilibelleetmarius.fr\/wp-content\/uploads\/2021\/03\/IMG-20200924-WA0013-169x300.jpg\" alt=\"\" width=\"161\" height=\"286\" srcset=\"https:\/\/lilibelleetmarius.fr\/wp-content\/uploads\/2021\/03\/IMG-20200924-WA0013-169x300.jpg 169w, https:\/\/lilibelleetmarius.fr\/wp-content\/uploads\/2021\/03\/IMG-20200924-WA0013-576x1024.jpg 576w, https:\/\/lilibelleetmarius.fr\/wp-content\/uploads\/2021\/03\/IMG-20200924-WA0013-768x1365.jpg 768w, https:\/\/lilibelleetmarius.fr\/wp-content\/uploads\/2021\/03\/IMG-20200924-WA0013-864x1536.jpg 864w, https:\/\/lilibelleetmarius.fr\/wp-content\/uploads\/2021\/03\/IMG-20200924-WA0013-600x1067.jpg 600w, https:\/\/lilibelleetmarius.fr\/wp-content\/uploads\/2021\/03\/IMG-20200924-WA0013.jpg 900w\" sizes=\"(max-width: 161px) 100vw, 161px\" \/><span style=\"font-size: 16px;\">\u00a0<\/span><\/p>\n","protected":false},"excerpt":{"rendered":"<p>Qui n&#8217;a jamais r\u00eav\u00e9 de s&#8217;offrir un sac \u00e0 main fabriqu\u00e9 en un seul exemplaire?<\/p>\n<p>Personnellement, je n&#8217;aime pas trop avoir le sac de la copine ou de la voisine!<\/p>\n<p>Voici, le sac \u00e0 main fourre ultra chic!<\/p>\n<p>En plus d&#8217;\u00eatre beau, chic et unique, il est ultra souple et l\u00e9ger!<\/p>\n<p>Mati\u00e8res: un simili cuir gris anthracite d&#8217;une grande qualit\u00e9 et un tissu int\u00e9rieur or et noir chin\u00e9 lors d&#8217;un voyage \u00e0 Bali.<\/p>\n<p><strong>entretien:<\/strong><\/p>\n<p>nettoyage \u00e0 la main uniquement (astuce: coton et lait de b\u00e9b\u00e9 pour le simili c&#8217;est nickel)<\/p>\n<p><strong>dimensions:<\/strong><\/p>\n<p>H34cm x 32cm (hors anses)<\/p>\n<p>&nbsp;<\/p>\n<p>Pi\u00e8ce unique!<\/p>\n","protected":false},"featured_media":468,"comment_status":"open","ping_status":"closed","template":"","meta":[],"_links":{"self":[{"href":"https:\/\/lilibelleetmarius.fr\/index.php\/wp-json\/wp\/v2\/product\/466"}],"collection":[{"href":"https:\/\/lilibelleetmarius.fr\/index.php\/wp-json\/wp\/v2\/product"}],"about":[{"href":"https:\/\/lilibelleetmarius.fr\/index.php\/wp-json\/wp\/v2\/types\/product"}],"replies":[{"embeddable":true,"href":"https:\/\/lilibelleetmarius.fr\/index.php\/wp-json\/wp\/v2\/comments?post=466"}],"version-history":[{"count":3,"href":"https:\/\/lilibelleetmarius.fr\/index.php\/wp-json\/wp\/v2\/product\/466\/revisions"}],"predecessor-version":[{"id":477,"href":"https:\/\/lilibelleetmarius.fr\/index.php\/wp-json\/wp\/v2\/product\/466\/revisions\/477"}],"wp:featuredmedia":[{"embeddable":true,"href":"https:\/\/lilibelleetmarius.fr\/index.php\/wp-json\/wp\/v2\/media\/468"}],"wp:attachment":[{"href":"https:\/\/lilibelleetmarius.fr\/index.php\/wp-json\/wp\/v2\/media?parent=466"}],"curies":[{"name":"wp","href":"https:\/\/api.w.org\/{rel}","templated":true}]}}