{"id":402,"date":"2021-03-18T13:33:20","date_gmt":"2021-03-18T12:33:20","guid":{"rendered":"http:\/\/lilibelleetmarius.fr\/?post_type=product&#038;p=402"},"modified":"2021-03-18T13:35:03","modified_gmt":"2021-03-18T12:35:03","slug":"paniere-reversible-grand-modele-patchwork","status":"publish","type":"product","link":"https:\/\/lilibelleetmarius.fr\/index.php\/produit\/paniere-reversible-grand-modele-patchwork\/","title":{"rendered":"Pani\u00e8re r\u00e9versible grand mod\u00e8le &#8220;Patchwork&#8221;"},"content":{"rendered":"<p><img loading=\"lazy\" class=\"alignnone size-medium wp-image-404\" src=\"http:\/\/lilibelleetmarius.fr\/wp-content\/uploads\/2021\/03\/20201001_151544-300x225.jpg\" alt=\"\" width=\"300\" height=\"225\" srcset=\"https:\/\/lilibelleetmarius.fr\/wp-content\/uploads\/2021\/03\/20201001_151544-300x225.jpg 300w, https:\/\/lilibelleetmarius.fr\/wp-content\/uploads\/2021\/03\/20201001_151544-1024x768.jpg 1024w, https:\/\/lilibelleetmarius.fr\/wp-content\/uploads\/2021\/03\/20201001_151544-768x576.jpg 768w, https:\/\/lilibelleetmarius.fr\/wp-content\/uploads\/2021\/03\/20201001_151544-1536x1152.jpg 1536w, https:\/\/lilibelleetmarius.fr\/wp-content\/uploads\/2021\/03\/20201001_151544-2048x1536.jpg 2048w, https:\/\/lilibelleetmarius.fr\/wp-content\/uploads\/2021\/03\/20201001_151544-600x450.jpg 600w\" sizes=\"(max-width: 300px) 100vw, 300px\" \/> <img loading=\"lazy\" class=\"alignnone size-medium wp-image-405\" src=\"http:\/\/lilibelleetmarius.fr\/wp-content\/uploads\/2021\/03\/20201001_152651-300x225.jpg\" alt=\"\" width=\"300\" height=\"225\" srcset=\"https:\/\/lilibelleetmarius.fr\/wp-content\/uploads\/2021\/03\/20201001_152651-300x225.jpg 300w, https:\/\/lilibelleetmarius.fr\/wp-content\/uploads\/2021\/03\/20201001_152651-1024x768.jpg 1024w, https:\/\/lilibelleetmarius.fr\/wp-content\/uploads\/2021\/03\/20201001_152651-768x576.jpg 768w, https:\/\/lilibelleetmarius.fr\/wp-content\/uploads\/2021\/03\/20201001_152651-1536x1152.jpg 1536w, https:\/\/lilibelleetmarius.fr\/wp-content\/uploads\/2021\/03\/20201001_152651-2048x1536.jpg 2048w, https:\/\/lilibelleetmarius.fr\/wp-content\/uploads\/2021\/03\/20201001_152651-600x450.jpg 600w\" sizes=\"(max-width: 300px) 100vw, 300px\" \/><\/p>\n","protected":false},"excerpt":{"rendered":"<p>QUI N&#8217;A RIEN QUI TRAINE?<\/p>\n<p>IMPOSSIBLE DE SAVOIR COMMENT BIEN RANGER?<\/p>\n<p>CHEZ MOI C&#8217;EST LES CLEFS, PETITS JOUETS, ACCESSOIRES BEBE&#8230;<\/p>\n<p>LA SOLUTION DE LA PANIERE EN TISSU EN EST UNE!<\/p>\n<p>EN PLUS, AVEC LA VERSION REVERSIBLE, ON CHANGE DE DECO EN UN INSTANT.<\/p>\n<p>DESCRIPTION:<\/p>\n<p>Mati\u00e8re 100% coton oeko-tex.<\/p>\n<p>Forme carr\u00e9, H18.5 cm x L19cm.<\/p>\n<p>Lavable en machine \u00e0 30\u00b0C et repassage possible.<\/p>\n<p>Pi\u00e8ce unique<\/p>\n","protected":false},"featured_media":404,"comment_status":"open","ping_status":"closed","template":"","meta":[],"_links":{"self":[{"href":"https:\/\/lilibelleetmarius.fr\/index.php\/wp-json\/wp\/v2\/product\/402"}],"collection":[{"href":"https:\/\/lilibelleetmarius.fr\/index.php\/wp-json\/wp\/v2\/product"}],"about":[{"href":"https:\/\/lilibelleetmarius.fr\/index.php\/wp-json\/wp\/v2\/types\/product"}],"replies":[{"embeddable":true,"href":"https:\/\/lilibelleetmarius.fr\/index.php\/wp-json\/wp\/v2\/comments?post=402"}],"version-history":[{"count":1,"href":"https:\/\/lilibelleetmarius.fr\/index.php\/wp-json\/wp\/v2\/product\/402\/revisions"}],"predecessor-version":[{"id":406,"href":"https:\/\/lilibelleetmarius.fr\/index.php\/wp-json\/wp\/v2\/product\/402\/revisions\/406"}],"wp:featuredmedia":[{"embeddable":true,"href":"https:\/\/lilibelleetmarius.fr\/index.php\/wp-json\/wp\/v2\/media\/404"}],"wp:attachment":[{"href":"https:\/\/lilibelleetmarius.fr\/index.php\/wp-json\/wp\/v2\/media?parent=402"}],"curies":[{"name":"wp","href":"https:\/\/api.w.org\/{rel}","templated":true}]}}