{"id":398,"date":"2021-03-18T12:21:53","date_gmt":"2021-03-18T11:21:53","guid":{"rendered":"http:\/\/lilibelleetmarius.fr\/?post_type=product&#038;p=398"},"modified":"2021-03-18T12:22:46","modified_gmt":"2021-03-18T11:22:46","slug":"398","status":"publish","type":"product","link":"https:\/\/lilibelleetmarius.fr\/index.php\/produit\/398\/","title":{"rendered":"Pani\u00e8re r\u00e9versible grand mod\u00e8le &#8220;Fleurs&#8221;"},"content":{"rendered":"<p><img loading=\"lazy\" class=\"alignnone size-medium wp-image-399\" src=\"http:\/\/lilibelleetmarius.fr\/wp-content\/uploads\/2021\/03\/20201001_151451-300x225.jpg\" alt=\"\" width=\"300\" height=\"225\" srcset=\"https:\/\/lilibelleetmarius.fr\/wp-content\/uploads\/2021\/03\/20201001_151451-300x225.jpg 300w, https:\/\/lilibelleetmarius.fr\/wp-content\/uploads\/2021\/03\/20201001_151451-1024x768.jpg 1024w, https:\/\/lilibelleetmarius.fr\/wp-content\/uploads\/2021\/03\/20201001_151451-768x576.jpg 768w, https:\/\/lilibelleetmarius.fr\/wp-content\/uploads\/2021\/03\/20201001_151451-1536x1152.jpg 1536w, https:\/\/lilibelleetmarius.fr\/wp-content\/uploads\/2021\/03\/20201001_151451-2048x1536.jpg 2048w, https:\/\/lilibelleetmarius.fr\/wp-content\/uploads\/2021\/03\/20201001_151451-600x450.jpg 600w\" sizes=\"(max-width: 300px) 100vw, 300px\" \/><\/p>\n","protected":false},"excerpt":{"rendered":"<p>QUI N&#8217;A RIEN QUI TRAINE?<\/p>\n<p>IMPOSSIBLE DE SAVOIR COMMENT BIEN RANGER?<\/p>\n<p>CHEZ MOI C&#8217;EST LES CLEFS, PETITS JOUETS, ACCESSOIRES BEBE&#8230;<\/p>\n<p>LA SOLUTION DE LA PANIERE EN TISSU EN EST UNE!<\/p>\n<p>EN PLUS, AVEC LA VERSION REVERSIBLE, ON CHANGE DE DECO EN UN INSTANT.<\/p>\n<p>DESCRIPTION:<\/p>\n<p>mati\u00e8re 100% coton oeko-tex.<\/p>\n<p>forme carr\u00e9, H18.5 cm x L19cm.<\/p>\n<p>lavable en machine \u00e0 30\u00b0C et repassage possible.<\/p>\n<p>Pi\u00e8ce unique<\/p>\n","protected":false},"featured_media":399,"comment_status":"open","ping_status":"closed","template":"","meta":[],"_links":{"self":[{"href":"https:\/\/lilibelleetmarius.fr\/index.php\/wp-json\/wp\/v2\/product\/398"}],"collection":[{"href":"https:\/\/lilibelleetmarius.fr\/index.php\/wp-json\/wp\/v2\/product"}],"about":[{"href":"https:\/\/lilibelleetmarius.fr\/index.php\/wp-json\/wp\/v2\/types\/product"}],"replies":[{"embeddable":true,"href":"https:\/\/lilibelleetmarius.fr\/index.php\/wp-json\/wp\/v2\/comments?post=398"}],"version-history":[{"count":3,"href":"https:\/\/lilibelleetmarius.fr\/index.php\/wp-json\/wp\/v2\/product\/398\/revisions"}],"predecessor-version":[{"id":403,"href":"https:\/\/lilibelleetmarius.fr\/index.php\/wp-json\/wp\/v2\/product\/398\/revisions\/403"}],"wp:featuredmedia":[{"embeddable":true,"href":"https:\/\/lilibelleetmarius.fr\/index.php\/wp-json\/wp\/v2\/media\/399"}],"wp:attachment":[{"href":"https:\/\/lilibelleetmarius.fr\/index.php\/wp-json\/wp\/v2\/media?parent=398"}],"curies":[{"name":"wp","href":"https:\/\/api.w.org\/{rel}","templated":true}]}}