{"id":393,"date":"2021-03-18T12:15:53","date_gmt":"2021-03-18T11:15:53","guid":{"rendered":"http:\/\/lilibelleetmarius.fr\/?post_type=product&#038;p=393"},"modified":"2021-03-18T15:02:28","modified_gmt":"2021-03-18T14:02:28","slug":"393","status":"publish","type":"product","link":"https:\/\/lilibelleetmarius.fr\/index.php\/produit\/393\/","title":{"rendered":"Trousse de toilette &#8220;Plume&#8221;"},"content":{"rendered":"<p><img loading=\"lazy\" class=\"alignnone size-medium wp-image-394\" src=\"http:\/\/lilibelleetmarius.fr\/wp-content\/uploads\/2021\/03\/20210113_143402-300x225.jpg\" alt=\"\" width=\"300\" height=\"225\" srcset=\"https:\/\/lilibelleetmarius.fr\/wp-content\/uploads\/2021\/03\/20210113_143402-300x225.jpg 300w, https:\/\/lilibelleetmarius.fr\/wp-content\/uploads\/2021\/03\/20210113_143402-1024x768.jpg 1024w, https:\/\/lilibelleetmarius.fr\/wp-content\/uploads\/2021\/03\/20210113_143402-768x576.jpg 768w, https:\/\/lilibelleetmarius.fr\/wp-content\/uploads\/2021\/03\/20210113_143402-1536x1152.jpg 1536w, https:\/\/lilibelleetmarius.fr\/wp-content\/uploads\/2021\/03\/20210113_143402-2048x1536.jpg 2048w, https:\/\/lilibelleetmarius.fr\/wp-content\/uploads\/2021\/03\/20210113_143402-600x450.jpg 600w\" sizes=\"(max-width: 300px) 100vw, 300px\" \/> <img loading=\"lazy\" class=\"alignnone size-medium wp-image-395\" src=\"http:\/\/lilibelleetmarius.fr\/wp-content\/uploads\/2021\/03\/20210113_143423-300x225.jpg\" alt=\"\" width=\"300\" height=\"225\" srcset=\"https:\/\/lilibelleetmarius.fr\/wp-content\/uploads\/2021\/03\/20210113_143423-300x225.jpg 300w, https:\/\/lilibelleetmarius.fr\/wp-content\/uploads\/2021\/03\/20210113_143423-1024x768.jpg 1024w, https:\/\/lilibelleetmarius.fr\/wp-content\/uploads\/2021\/03\/20210113_143423-768x576.jpg 768w, https:\/\/lilibelleetmarius.fr\/wp-content\/uploads\/2021\/03\/20210113_143423-1536x1152.jpg 1536w, https:\/\/lilibelleetmarius.fr\/wp-content\/uploads\/2021\/03\/20210113_143423-2048x1536.jpg 2048w, https:\/\/lilibelleetmarius.fr\/wp-content\/uploads\/2021\/03\/20210113_143423-600x450.jpg 600w\" sizes=\"(max-width: 300px) 100vw, 300px\" \/> <img loading=\"lazy\" class=\"alignnone size-medium wp-image-396\" src=\"http:\/\/lilibelleetmarius.fr\/wp-content\/uploads\/2021\/03\/20210113_143537-167x300.jpg\" alt=\"\" width=\"167\" height=\"300\" srcset=\"https:\/\/lilibelleetmarius.fr\/wp-content\/uploads\/2021\/03\/20210113_143537-167x300.jpg 167w, https:\/\/lilibelleetmarius.fr\/wp-content\/uploads\/2021\/03\/20210113_143537-570x1024.jpg 570w, https:\/\/lilibelleetmarius.fr\/wp-content\/uploads\/2021\/03\/20210113_143537-768x1379.jpg 768w, https:\/\/lilibelleetmarius.fr\/wp-content\/uploads\/2021\/03\/20210113_143537-856x1536.jpg 856w, https:\/\/lilibelleetmarius.fr\/wp-content\/uploads\/2021\/03\/20210113_143537-1141x2048.jpg 1141w, https:\/\/lilibelleetmarius.fr\/wp-content\/uploads\/2021\/03\/20210113_143537-600x1077.jpg 600w, https:\/\/lilibelleetmarius.fr\/wp-content\/uploads\/2021\/03\/20210113_143537-scaled.jpg 1426w\" sizes=\"(max-width: 167px) 100vw, 167px\" \/><\/p>\n","protected":false},"excerpt":{"rendered":"<p>Trousse de toilette grand mod\u00e8le.<\/p>\n<p>Mat\u00e9riaux :\u00a0 polyester rose poudr\u00e9, fermeture zipp\u00e9e, petites \u00e9tiquettes sur le c\u00f4t\u00e9.<\/p>\n<p>Motif plume argent\u00e9e.<\/p>\n<p>Entretien: Lavable en machine 30\u00b0C, s\u00e8che linge d\u00e9conseill\u00e9.<\/p>\n","protected":false},"featured_media":394,"comment_status":"open","ping_status":"closed","template":"","meta":[],"_links":{"self":[{"href":"https:\/\/lilibelleetmarius.fr\/index.php\/wp-json\/wp\/v2\/product\/393"}],"collection":[{"href":"https:\/\/lilibelleetmarius.fr\/index.php\/wp-json\/wp\/v2\/product"}],"about":[{"href":"https:\/\/lilibelleetmarius.fr\/index.php\/wp-json\/wp\/v2\/types\/product"}],"replies":[{"embeddable":true,"href":"https:\/\/lilibelleetmarius.fr\/index.php\/wp-json\/wp\/v2\/comments?post=393"}],"version-history":[{"count":2,"href":"https:\/\/lilibelleetmarius.fr\/index.php\/wp-json\/wp\/v2\/product\/393\/revisions"}],"predecessor-version":[{"id":475,"href":"https:\/\/lilibelleetmarius.fr\/index.php\/wp-json\/wp\/v2\/product\/393\/revisions\/475"}],"wp:featuredmedia":[{"embeddable":true,"href":"https:\/\/lilibelleetmarius.fr\/index.php\/wp-json\/wp\/v2\/media\/394"}],"wp:attachment":[{"href":"https:\/\/lilibelleetmarius.fr\/index.php\/wp-json\/wp\/v2\/media?parent=393"}],"curies":[{"name":"wp","href":"https:\/\/api.w.org\/{rel}","templated":true}]}}