{"id":388,"date":"2021-03-18T12:11:31","date_gmt":"2021-03-18T11:11:31","guid":{"rendered":"http:\/\/lilibelleetmarius.fr\/?post_type=product&#038;p=388"},"modified":"2021-03-18T12:11:31","modified_gmt":"2021-03-18T11:11:31","slug":"trousse-de-toilette-romance","status":"publish","type":"product","link":"https:\/\/lilibelleetmarius.fr\/index.php\/produit\/trousse-de-toilette-romance\/","title":{"rendered":"Trousse de toilette &#8220;Romance&#8221;"},"content":{"rendered":"<p><img loading=\"lazy\" class=\"alignnone size-medium wp-image-391\" style=\"font-weight: inherit;\" src=\"http:\/\/lilibelleetmarius.fr\/wp-content\/uploads\/2021\/03\/20210107_162107-300x267.jpg\" alt=\"\" width=\"300\" height=\"267\" srcset=\"https:\/\/lilibelleetmarius.fr\/wp-content\/uploads\/2021\/03\/20210107_162107-300x267.jpg 300w, https:\/\/lilibelleetmarius.fr\/wp-content\/uploads\/2021\/03\/20210107_162107-1024x913.jpg 1024w, https:\/\/lilibelleetmarius.fr\/wp-content\/uploads\/2021\/03\/20210107_162107-768x685.jpg 768w, https:\/\/lilibelleetmarius.fr\/wp-content\/uploads\/2021\/03\/20210107_162107-1536x1369.jpg 1536w, https:\/\/lilibelleetmarius.fr\/wp-content\/uploads\/2021\/03\/20210107_162107-600x535.jpg 600w, https:\/\/lilibelleetmarius.fr\/wp-content\/uploads\/2021\/03\/20210107_162107.jpg 1870w\" sizes=\"(max-width: 300px) 100vw, 300px\" \/><img loading=\"lazy\" class=\"alignnone size-medium wp-image-390\" style=\"font-style: inherit; font-weight: inherit;\" src=\"http:\/\/lilibelleetmarius.fr\/wp-content\/uploads\/2021\/03\/20210107_162007-283x300.jpg\" alt=\"\" width=\"283\" height=\"300\" srcset=\"https:\/\/lilibelleetmarius.fr\/wp-content\/uploads\/2021\/03\/20210107_162007-283x300.jpg 283w, https:\/\/lilibelleetmarius.fr\/wp-content\/uploads\/2021\/03\/20210107_162007-966x1024.jpg 966w, https:\/\/lilibelleetmarius.fr\/wp-content\/uploads\/2021\/03\/20210107_162007-768x814.jpg 768w, https:\/\/lilibelleetmarius.fr\/wp-content\/uploads\/2021\/03\/20210107_162007-1450x1536.jpg 1450w, https:\/\/lilibelleetmarius.fr\/wp-content\/uploads\/2021\/03\/20210107_162007-1933x2048.jpg 1933w, https:\/\/lilibelleetmarius.fr\/wp-content\/uploads\/2021\/03\/20210107_162007-600x636.jpg 600w\" sizes=\"(max-width: 283px) 100vw, 283px\" \/><img loading=\"lazy\" class=\"alignnone size-medium wp-image-389\" style=\"font-style: inherit; font-weight: inherit;\" src=\"http:\/\/lilibelleetmarius.fr\/wp-content\/uploads\/2021\/03\/20210107_094639-225x300.jpg\" alt=\"\" width=\"225\" height=\"300\" srcset=\"https:\/\/lilibelleetmarius.fr\/wp-content\/uploads\/2021\/03\/20210107_094639-225x300.jpg 225w, https:\/\/lilibelleetmarius.fr\/wp-content\/uploads\/2021\/03\/20210107_094639-768x1024.jpg 768w, https:\/\/lilibelleetmarius.fr\/wp-content\/uploads\/2021\/03\/20210107_094639-1152x1536.jpg 1152w, https:\/\/lilibelleetmarius.fr\/wp-content\/uploads\/2021\/03\/20210107_094639-1536x2048.jpg 1536w, https:\/\/lilibelleetmarius.fr\/wp-content\/uploads\/2021\/03\/20210107_094639-600x800.jpg 600w, https:\/\/lilibelleetmarius.fr\/wp-content\/uploads\/2021\/03\/20210107_094639-scaled.jpg 1920w\" sizes=\"(max-width: 225px) 100vw, 225px\" \/><span style=\"font-size: 16px;\">\u00a0<\/span><\/p>\n","protected":false},"excerpt":{"rendered":"<p>Trousse de toilette &#8220;Romance&#8221; grand mod\u00e8le<\/p>\n<p>Mat\u00e9riaux de qualit\u00e9: coton imprim\u00e9 oeko-tex et polyester grosses c\u00f4tes ultra doux.<\/p>\n<p>Doubl\u00e9e de molleton.<\/p>\n<p>Fermeture zipp\u00e9e, petite anse sur le c\u00f4t\u00e9.<\/p>\n<p>Motifs arabesques.<\/p>\n<p>Pi\u00e8ce unique<\/p>\n","protected":false},"featured_media":391,"comment_status":"open","ping_status":"closed","template":"","meta":[],"_links":{"self":[{"href":"https:\/\/lilibelleetmarius.fr\/index.php\/wp-json\/wp\/v2\/product\/388"}],"collection":[{"href":"https:\/\/lilibelleetmarius.fr\/index.php\/wp-json\/wp\/v2\/product"}],"about":[{"href":"https:\/\/lilibelleetmarius.fr\/index.php\/wp-json\/wp\/v2\/types\/product"}],"replies":[{"embeddable":true,"href":"https:\/\/lilibelleetmarius.fr\/index.php\/wp-json\/wp\/v2\/comments?post=388"}],"version-history":[{"count":1,"href":"https:\/\/lilibelleetmarius.fr\/index.php\/wp-json\/wp\/v2\/product\/388\/revisions"}],"predecessor-version":[{"id":392,"href":"https:\/\/lilibelleetmarius.fr\/index.php\/wp-json\/wp\/v2\/product\/388\/revisions\/392"}],"wp:featuredmedia":[{"embeddable":true,"href":"https:\/\/lilibelleetmarius.fr\/index.php\/wp-json\/wp\/v2\/media\/391"}],"wp:attachment":[{"href":"https:\/\/lilibelleetmarius.fr\/index.php\/wp-json\/wp\/v2\/media?parent=388"}],"curies":[{"name":"wp","href":"https:\/\/api.w.org\/{rel}","templated":true}]}}