{"id":374,"date":"2021-03-18T11:46:51","date_gmt":"2021-03-18T10:46:51","guid":{"rendered":"http:\/\/lilibelleetmarius.fr\/?post_type=product&#038;p=374"},"modified":"2021-03-18T11:46:52","modified_gmt":"2021-03-18T10:46:52","slug":"coussin-hippo-grand","status":"publish","type":"product","link":"https:\/\/lilibelleetmarius.fr\/index.php\/produit\/coussin-hippo-grand\/","title":{"rendered":"Coussin &#8220;Hippo&#8221; -Grand"},"content":{"rendered":"<p><img loading=\"lazy\" class=\"alignnone size-medium wp-image-372\" src=\"http:\/\/lilibelleetmarius.fr\/wp-content\/uploads\/2021\/03\/IMG-20201018-WA0020-2-191x300.jpg\" alt=\"\" width=\"191\" height=\"300\" srcset=\"https:\/\/lilibelleetmarius.fr\/wp-content\/uploads\/2021\/03\/IMG-20201018-WA0020-2-191x300.jpg 191w, https:\/\/lilibelleetmarius.fr\/wp-content\/uploads\/2021\/03\/IMG-20201018-WA0020-2-651x1024.jpg 651w, https:\/\/lilibelleetmarius.fr\/wp-content\/uploads\/2021\/03\/IMG-20201018-WA0020-2-768x1208.jpg 768w, https:\/\/lilibelleetmarius.fr\/wp-content\/uploads\/2021\/03\/IMG-20201018-WA0020-2-976x1536.jpg 976w, https:\/\/lilibelleetmarius.fr\/wp-content\/uploads\/2021\/03\/IMG-20201018-WA0020-2-600x944.jpg 600w, https:\/\/lilibelleetmarius.fr\/wp-content\/uploads\/2021\/03\/IMG-20201018-WA0020-2.jpg 1017w\" sizes=\"(max-width: 191px) 100vw, 191px\" \/><\/p>\n","protected":false},"excerpt":{"rendered":"<p>Coussin hippo tr\u00e8s doux et moelleux pour faire de gros c\u00e2lins ou la d\u00e9co, \u00e2ge requis 0 \u00e0 110 ans \ud83d\ude09<\/p>\n<p>Mati\u00e8res: Polaire gris fonc\u00e9, feutrine pour les couleurs et ouate de rembourrage\u00a0anti acariens.<\/p>\n<p>Lavable en machine \u00e0 30\u00b0C en cycle laine de pr\u00e9f\u00e9rence, pas de s\u00e8che linge.<\/p>\n<p>Dimensions L40CM x 50cm<\/p>\n<p>Exemplaire unique.<\/p>\n","protected":false},"featured_media":372,"comment_status":"open","ping_status":"closed","template":"","meta":[],"_links":{"self":[{"href":"https:\/\/lilibelleetmarius.fr\/index.php\/wp-json\/wp\/v2\/product\/374"}],"collection":[{"href":"https:\/\/lilibelleetmarius.fr\/index.php\/wp-json\/wp\/v2\/product"}],"about":[{"href":"https:\/\/lilibelleetmarius.fr\/index.php\/wp-json\/wp\/v2\/types\/product"}],"replies":[{"embeddable":true,"href":"https:\/\/lilibelleetmarius.fr\/index.php\/wp-json\/wp\/v2\/comments?post=374"}],"version-history":[{"count":1,"href":"https:\/\/lilibelleetmarius.fr\/index.php\/wp-json\/wp\/v2\/product\/374\/revisions"}],"predecessor-version":[{"id":376,"href":"https:\/\/lilibelleetmarius.fr\/index.php\/wp-json\/wp\/v2\/product\/374\/revisions\/376"}],"wp:featuredmedia":[{"embeddable":true,"href":"https:\/\/lilibelleetmarius.fr\/index.php\/wp-json\/wp\/v2\/media\/372"}],"wp:attachment":[{"href":"https:\/\/lilibelleetmarius.fr\/index.php\/wp-json\/wp\/v2\/media?parent=374"}],"curies":[{"name":"wp","href":"https:\/\/api.w.org\/{rel}","templated":true}]}}