{"id":352,"date":"2021-03-18T10:52:25","date_gmt":"2021-03-18T09:52:25","guid":{"rendered":"http:\/\/lilibelleetmarius.fr\/?post_type=product&#038;p=352"},"modified":"2021-03-18T10:52:26","modified_gmt":"2021-03-18T09:52:26","slug":"pack-naissance-circus-moyen","status":"publish","type":"product","link":"https:\/\/lilibelleetmarius.fr\/index.php\/produit\/pack-naissance-circus-moyen\/","title":{"rendered":"Pack naissance &#8220;Circus&#8221; &#8211; Moyen"},"content":{"rendered":"<p><img loading=\"lazy\" class=\"alignnone size-medium wp-image-353\" src=\"http:\/\/lilibelleetmarius.fr\/wp-content\/uploads\/2021\/03\/20201001_150626-225x300.jpg\" alt=\"\" width=\"225\" height=\"300\" srcset=\"https:\/\/lilibelleetmarius.fr\/wp-content\/uploads\/2021\/03\/20201001_150626-225x300.jpg 225w, https:\/\/lilibelleetmarius.fr\/wp-content\/uploads\/2021\/03\/20201001_150626-768x1024.jpg 768w, https:\/\/lilibelleetmarius.fr\/wp-content\/uploads\/2021\/03\/20201001_150626-1152x1536.jpg 1152w, https:\/\/lilibelleetmarius.fr\/wp-content\/uploads\/2021\/03\/20201001_150626-1536x2048.jpg 1536w, https:\/\/lilibelleetmarius.fr\/wp-content\/uploads\/2021\/03\/20201001_150626-600x800.jpg 600w, https:\/\/lilibelleetmarius.fr\/wp-content\/uploads\/2021\/03\/20201001_150626-scaled.jpg 1920w\" sizes=\"(max-width: 225px) 100vw, 225px\" \/>\u00a0<img loading=\"lazy\" class=\"alignnone size-medium wp-image-356\" style=\"font-weight: inherit;\" src=\"http:\/\/lilibelleetmarius.fr\/wp-content\/uploads\/2021\/03\/20201001_151222-300x252.jpg\" alt=\"\" width=\"300\" height=\"252\" srcset=\"https:\/\/lilibelleetmarius.fr\/wp-content\/uploads\/2021\/03\/20201001_151222-300x252.jpg 300w, https:\/\/lilibelleetmarius.fr\/wp-content\/uploads\/2021\/03\/20201001_151222-1024x860.jpg 1024w, https:\/\/lilibelleetmarius.fr\/wp-content\/uploads\/2021\/03\/20201001_151222-768x645.jpg 768w, https:\/\/lilibelleetmarius.fr\/wp-content\/uploads\/2021\/03\/20201001_151222-1536x1290.jpg 1536w, https:\/\/lilibelleetmarius.fr\/wp-content\/uploads\/2021\/03\/20201001_151222-2048x1720.jpg 2048w, https:\/\/lilibelleetmarius.fr\/wp-content\/uploads\/2021\/03\/20201001_151222-600x504.jpg 600w\" sizes=\"(max-width: 300px) 100vw, 300px\" \/><img loading=\"lazy\" class=\"alignnone size-medium wp-image-354\" style=\"font-style: inherit; font-weight: inherit;\" src=\"http:\/\/lilibelleetmarius.fr\/wp-content\/uploads\/2021\/03\/20201001_151055-225x300.jpg\" alt=\"\" width=\"225\" height=\"300\" srcset=\"https:\/\/lilibelleetmarius.fr\/wp-content\/uploads\/2021\/03\/20201001_151055-225x300.jpg 225w, https:\/\/lilibelleetmarius.fr\/wp-content\/uploads\/2021\/03\/20201001_151055-768x1024.jpg 768w, https:\/\/lilibelleetmarius.fr\/wp-content\/uploads\/2021\/03\/20201001_151055-1152x1536.jpg 1152w, https:\/\/lilibelleetmarius.fr\/wp-content\/uploads\/2021\/03\/20201001_151055-1536x2048.jpg 1536w, https:\/\/lilibelleetmarius.fr\/wp-content\/uploads\/2021\/03\/20201001_151055-600x800.jpg 600w, https:\/\/lilibelleetmarius.fr\/wp-content\/uploads\/2021\/03\/20201001_151055-scaled.jpg 1920w\" sizes=\"(max-width: 225px) 100vw, 225px\" \/> <img loading=\"lazy\" class=\"alignnone size-medium wp-image-355\" style=\"font-style: inherit; font-weight: inherit;\" src=\"http:\/\/lilibelleetmarius.fr\/wp-content\/uploads\/2021\/03\/20201001_151158-300x201.jpg\" alt=\"\" width=\"300\" height=\"201\" srcset=\"https:\/\/lilibelleetmarius.fr\/wp-content\/uploads\/2021\/03\/20201001_151158-300x201.jpg 300w, https:\/\/lilibelleetmarius.fr\/wp-content\/uploads\/2021\/03\/20201001_151158-1024x687.jpg 1024w, https:\/\/lilibelleetmarius.fr\/wp-content\/uploads\/2021\/03\/20201001_151158-768x515.jpg 768w, https:\/\/lilibelleetmarius.fr\/wp-content\/uploads\/2021\/03\/20201001_151158-1536x1030.jpg 1536w, https:\/\/lilibelleetmarius.fr\/wp-content\/uploads\/2021\/03\/20201001_151158-2048x1373.jpg 2048w, https:\/\/lilibelleetmarius.fr\/wp-content\/uploads\/2021\/03\/20201001_151158-600x402.jpg 600w\" sizes=\"(max-width: 300px) 100vw, 300px\" \/><span style=\"font-size: 16px;\">\u00a0<\/span><\/p>\n","protected":false},"excerpt":{"rendered":"<p>Pack toilette pour b\u00e9b\u00e9 sur le th\u00e8me du cirque.<\/p>\n<p><strong>Il est compos\u00e9:\u00a0<\/strong><\/p>\n<p>-d&#8217;une pani\u00e8re r\u00e9versible carr\u00e9 de H15cmxL15cm<\/p>\n<p>-de 12 lingettes lavables 10cm x 10cm env.<\/p>\n<p>-un bavoir bandana r\u00e9glable<\/p>\n<p>-un oiseau pouet-pouet pour occuper b\u00e9b\u00e9 lors des soins (pratique croyez moi;-))<\/p>\n<p><strong>mati\u00e8res:\u00a0<\/strong><\/p>\n<p>-coton imprim\u00e9 cirque oeko-tex<\/p>\n<p>-\u00e9ponge coton oeko-tex<\/p>\n<p>-ouate anti-acarien (jouet)<\/p>\n<p><strong>entretien:<\/strong>\u00a0machine 40\u00b0C max, 30\u00b0c le jouet.<\/p>\n","protected":false},"featured_media":353,"comment_status":"open","ping_status":"closed","template":"","meta":[],"_links":{"self":[{"href":"https:\/\/lilibelleetmarius.fr\/index.php\/wp-json\/wp\/v2\/product\/352"}],"collection":[{"href":"https:\/\/lilibelleetmarius.fr\/index.php\/wp-json\/wp\/v2\/product"}],"about":[{"href":"https:\/\/lilibelleetmarius.fr\/index.php\/wp-json\/wp\/v2\/types\/product"}],"replies":[{"embeddable":true,"href":"https:\/\/lilibelleetmarius.fr\/index.php\/wp-json\/wp\/v2\/comments?post=352"}],"version-history":[{"count":1,"href":"https:\/\/lilibelleetmarius.fr\/index.php\/wp-json\/wp\/v2\/product\/352\/revisions"}],"predecessor-version":[{"id":357,"href":"https:\/\/lilibelleetmarius.fr\/index.php\/wp-json\/wp\/v2\/product\/352\/revisions\/357"}],"wp:featuredmedia":[{"embeddable":true,"href":"https:\/\/lilibelleetmarius.fr\/index.php\/wp-json\/wp\/v2\/media\/353"}],"wp:attachment":[{"href":"https:\/\/lilibelleetmarius.fr\/index.php\/wp-json\/wp\/v2\/media?parent=352"}],"curies":[{"name":"wp","href":"https:\/\/api.w.org\/{rel}","templated":true}]}}