{"id":332,"date":"2021-03-14T15:11:53","date_gmt":"2021-03-14T14:11:53","guid":{"rendered":"http:\/\/lilibelleetmarius.fr\/?post_type=product&#038;p=332"},"modified":"2021-03-14T15:11:53","modified_gmt":"2021-03-14T14:11:53","slug":"cube-ludique-tendresse","status":"publish","type":"product","link":"https:\/\/lilibelleetmarius.fr\/index.php\/produit\/cube-ludique-tendresse\/","title":{"rendered":"Cube ludique Tendresse"},"content":{"rendered":"<p><img loading=\"lazy\" class=\"alignnone size-medium wp-image-334\" style=\"font-weight: inherit;\" src=\"http:\/\/lilibelleetmarius.fr\/wp-content\/uploads\/2021\/03\/IMG_20201205_092034-300x300.jpg\" alt=\"\" width=\"300\" height=\"300\" srcset=\"https:\/\/lilibelleetmarius.fr\/wp-content\/uploads\/2021\/03\/IMG_20201205_092034-300x300.jpg 300w, https:\/\/lilibelleetmarius.fr\/wp-content\/uploads\/2021\/03\/IMG_20201205_092034-1024x1024.jpg 1024w, https:\/\/lilibelleetmarius.fr\/wp-content\/uploads\/2021\/03\/IMG_20201205_092034-150x150.jpg 150w, https:\/\/lilibelleetmarius.fr\/wp-content\/uploads\/2021\/03\/IMG_20201205_092034-768x768.jpg 768w, https:\/\/lilibelleetmarius.fr\/wp-content\/uploads\/2021\/03\/IMG_20201205_092034-1536x1536.jpg 1536w, https:\/\/lilibelleetmarius.fr\/wp-content\/uploads\/2021\/03\/IMG_20201205_092034-600x600.jpg 600w, https:\/\/lilibelleetmarius.fr\/wp-content\/uploads\/2021\/03\/IMG_20201205_092034-100x100.jpg 100w, https:\/\/lilibelleetmarius.fr\/wp-content\/uploads\/2021\/03\/IMG_20201205_092034.jpg 1564w\" sizes=\"(max-width: 300px) 100vw, 300px\" \/><img loading=\"lazy\" class=\"alignnone size-medium wp-image-333\" src=\"http:\/\/lilibelleetmarius.fr\/wp-content\/uploads\/2021\/03\/20201204_145321-265x300.jpg\" alt=\"\" width=\"265\" height=\"300\" srcset=\"https:\/\/lilibelleetmarius.fr\/wp-content\/uploads\/2021\/03\/20201204_145321-265x300.jpg 265w, https:\/\/lilibelleetmarius.fr\/wp-content\/uploads\/2021\/03\/20201204_145321-904x1024.jpg 904w, https:\/\/lilibelleetmarius.fr\/wp-content\/uploads\/2021\/03\/20201204_145321-768x870.jpg 768w, https:\/\/lilibelleetmarius.fr\/wp-content\/uploads\/2021\/03\/20201204_145321-1356x1536.jpg 1356w, https:\/\/lilibelleetmarius.fr\/wp-content\/uploads\/2021\/03\/20201204_145321-600x679.jpg 600w, https:\/\/lilibelleetmarius.fr\/wp-content\/uploads\/2021\/03\/20201204_145321.jpg 1737w\" sizes=\"(max-width: 265px) 100vw, 265px\" \/><\/p>\n","protected":false},"excerpt":{"rendered":"<p>Cube d&#8217;\u00e9veil Tendresse avec anneau de dentition en bois naturel et une rang\u00e9e de grosses perle en bois.<\/p>\n<p>Mati\u00e8re ultra douce comme un doudou et moelleuse.<\/p>\n<p>Coton oeko-tex100 et polyester, rembourrage ouate anti acariens.<\/p>\n<p>Lavage en machine \u00e0 30\u00b0C, s\u00e8che-linge d\u00e9conseill\u00e9.<\/p>\n<p>10cm environ par face<\/p>\n<p>PIECE UNIQUE<\/p>\n","protected":false},"featured_media":334,"comment_status":"open","ping_status":"closed","template":"","meta":[],"_links":{"self":[{"href":"https:\/\/lilibelleetmarius.fr\/index.php\/wp-json\/wp\/v2\/product\/332"}],"collection":[{"href":"https:\/\/lilibelleetmarius.fr\/index.php\/wp-json\/wp\/v2\/product"}],"about":[{"href":"https:\/\/lilibelleetmarius.fr\/index.php\/wp-json\/wp\/v2\/types\/product"}],"replies":[{"embeddable":true,"href":"https:\/\/lilibelleetmarius.fr\/index.php\/wp-json\/wp\/v2\/comments?post=332"}],"version-history":[{"count":1,"href":"https:\/\/lilibelleetmarius.fr\/index.php\/wp-json\/wp\/v2\/product\/332\/revisions"}],"predecessor-version":[{"id":335,"href":"https:\/\/lilibelleetmarius.fr\/index.php\/wp-json\/wp\/v2\/product\/332\/revisions\/335"}],"wp:featuredmedia":[{"embeddable":true,"href":"https:\/\/lilibelleetmarius.fr\/index.php\/wp-json\/wp\/v2\/media\/334"}],"wp:attachment":[{"href":"https:\/\/lilibelleetmarius.fr\/index.php\/wp-json\/wp\/v2\/media?parent=332"}],"curies":[{"name":"wp","href":"https:\/\/api.w.org\/{rel}","templated":true}]}}