{"id":318,"date":"2021-03-14T14:37:02","date_gmt":"2021-03-14T13:37:02","guid":{"rendered":"http:\/\/lilibelleetmarius.fr\/?post_type=product&#038;p=318"},"modified":"2021-03-14T14:41:05","modified_gmt":"2021-03-14T13:41:05","slug":"balle-de-prehension-montessori-lemurien","status":"publish","type":"product","link":"https:\/\/lilibelleetmarius.fr\/index.php\/produit\/balle-de-prehension-montessori-lemurien\/","title":{"rendered":"Balle de pr\u00e9hension Montessori L\u00e9murien"},"content":{"rendered":"<p><img loading=\"lazy\" class=\"alignnone size-medium wp-image-319\" src=\"http:\/\/lilibelleetmarius.fr\/wp-content\/uploads\/2021\/03\/20210104_110836-300x225.jpg\" alt=\"Balle de Pr\u00e9hension L\u00e9murien\" width=\"300\" height=\"225\" srcset=\"https:\/\/lilibelleetmarius.fr\/wp-content\/uploads\/2021\/03\/20210104_110836-300x225.jpg 300w, https:\/\/lilibelleetmarius.fr\/wp-content\/uploads\/2021\/03\/20210104_110836-1024x768.jpg 1024w, https:\/\/lilibelleetmarius.fr\/wp-content\/uploads\/2021\/03\/20210104_110836-768x576.jpg 768w, https:\/\/lilibelleetmarius.fr\/wp-content\/uploads\/2021\/03\/20210104_110836-1536x1152.jpg 1536w, https:\/\/lilibelleetmarius.fr\/wp-content\/uploads\/2021\/03\/20210104_110836-2048x1536.jpg 2048w, https:\/\/lilibelleetmarius.fr\/wp-content\/uploads\/2021\/03\/20210104_110836-600x450.jpg 600w\" sizes=\"(max-width: 300px) 100vw, 300px\" \/><\/p>\n","protected":false},"excerpt":{"rendered":"<p>Balle de pr\u00e9hension d&#8217;inspiration Montessori.<\/p>\n<p>Mat\u00e9riel p\u00e9dagogique destin\u00e9e \u00e0 d\u00e9velopper la motricit\u00e9 fine des tout petits (d\u00e8s 3\/4mois).<\/p>\n<p>Mati\u00e8res: coton OEKO-TEX100 et ouate anti acariens.<\/p>\n<p>Couleurs et motifs: beige et vert; L\u00e9muriens, triangles, plantes.<\/p>\n<p>Taille: 32cm de circonf\u00e9rence.<\/p>\n<p>Entretien en machine 30\u00b0C max , s\u00e8che-linge d\u00e9conseill\u00e9.<\/p>\n<p>PIECE UNIQUE<\/p>\n","protected":false},"featured_media":319,"comment_status":"open","ping_status":"closed","template":"","meta":[],"_links":{"self":[{"href":"https:\/\/lilibelleetmarius.fr\/index.php\/wp-json\/wp\/v2\/product\/318"}],"collection":[{"href":"https:\/\/lilibelleetmarius.fr\/index.php\/wp-json\/wp\/v2\/product"}],"about":[{"href":"https:\/\/lilibelleetmarius.fr\/index.php\/wp-json\/wp\/v2\/types\/product"}],"replies":[{"embeddable":true,"href":"https:\/\/lilibelleetmarius.fr\/index.php\/wp-json\/wp\/v2\/comments?post=318"}],"version-history":[{"count":2,"href":"https:\/\/lilibelleetmarius.fr\/index.php\/wp-json\/wp\/v2\/product\/318\/revisions"}],"predecessor-version":[{"id":321,"href":"https:\/\/lilibelleetmarius.fr\/index.php\/wp-json\/wp\/v2\/product\/318\/revisions\/321"}],"wp:featuredmedia":[{"embeddable":true,"href":"https:\/\/lilibelleetmarius.fr\/index.php\/wp-json\/wp\/v2\/media\/319"}],"wp:attachment":[{"href":"https:\/\/lilibelleetmarius.fr\/index.php\/wp-json\/wp\/v2\/media?parent=318"}],"curies":[{"name":"wp","href":"https:\/\/api.w.org\/{rel}","templated":true}]}}