{"id":308,"date":"2021-03-14T14:05:57","date_gmt":"2021-03-14T13:05:57","guid":{"rendered":"http:\/\/lilibelleetmarius.fr\/?post_type=product&#038;p=308"},"modified":"2021-03-14T14:05:57","modified_gmt":"2021-03-14T13:05:57","slug":"anneau-de-dentition-lapin-rayures","status":"publish","type":"product","link":"https:\/\/lilibelleetmarius.fr\/index.php\/produit\/anneau-de-dentition-lapin-rayures\/","title":{"rendered":"Anneau de dentition Lapin Rayures"},"content":{"rendered":"<p><img loading=\"lazy\" class=\"alignnone size-medium wp-image-310\" style=\"font-weight: inherit;\" src=\"http:\/\/lilibelleetmarius.fr\/wp-content\/uploads\/2021\/03\/20201110_100731-225x300.jpg\" alt=\"\" width=\"225\" height=\"300\" srcset=\"https:\/\/lilibelleetmarius.fr\/wp-content\/uploads\/2021\/03\/20201110_100731-225x300.jpg 225w, https:\/\/lilibelleetmarius.fr\/wp-content\/uploads\/2021\/03\/20201110_100731-768x1024.jpg 768w, https:\/\/lilibelleetmarius.fr\/wp-content\/uploads\/2021\/03\/20201110_100731-1152x1536.jpg 1152w, https:\/\/lilibelleetmarius.fr\/wp-content\/uploads\/2021\/03\/20201110_100731-1536x2048.jpg 1536w, https:\/\/lilibelleetmarius.fr\/wp-content\/uploads\/2021\/03\/20201110_100731-600x800.jpg 600w, https:\/\/lilibelleetmarius.fr\/wp-content\/uploads\/2021\/03\/20201110_100731-scaled.jpg 1920w\" sizes=\"(max-width: 225px) 100vw, 225px\" \/><img loading=\"lazy\" class=\"alignnone size-medium wp-image-309\" src=\"http:\/\/lilibelleetmarius.fr\/wp-content\/uploads\/2021\/03\/20201110_100716-225x300.jpg\" alt=\"Anneau de dentition Lapin Rayures\" width=\"225\" height=\"300\" srcset=\"https:\/\/lilibelleetmarius.fr\/wp-content\/uploads\/2021\/03\/20201110_100716-225x300.jpg 225w, https:\/\/lilibelleetmarius.fr\/wp-content\/uploads\/2021\/03\/20201110_100716-768x1024.jpg 768w, https:\/\/lilibelleetmarius.fr\/wp-content\/uploads\/2021\/03\/20201110_100716-1152x1536.jpg 1152w, https:\/\/lilibelleetmarius.fr\/wp-content\/uploads\/2021\/03\/20201110_100716-1536x2048.jpg 1536w, https:\/\/lilibelleetmarius.fr\/wp-content\/uploads\/2021\/03\/20201110_100716-600x800.jpg 600w, https:\/\/lilibelleetmarius.fr\/wp-content\/uploads\/2021\/03\/20201110_100716-scaled.jpg 1920w\" sizes=\"(max-width: 225px) 100vw, 225px\" \/><\/p>\n","protected":false},"excerpt":{"rendered":"<p>Anneau de dentition super chouette, facile \u00e0 tenir avec les petites mains de b\u00e9b\u00e9 gr\u00e2ce \u00e0 son anneau en bois naturel tout doux..<\/p>\n<p>couleurs blanc et rouge.<\/p>\n<p>motifs: rayures et fleurs discr\u00e8tes.<\/p>\n<p>tissus 100% coton.<\/p>\n","protected":false},"featured_media":310,"comment_status":"open","ping_status":"closed","template":"","meta":[],"_links":{"self":[{"href":"https:\/\/lilibelleetmarius.fr\/index.php\/wp-json\/wp\/v2\/product\/308"}],"collection":[{"href":"https:\/\/lilibelleetmarius.fr\/index.php\/wp-json\/wp\/v2\/product"}],"about":[{"href":"https:\/\/lilibelleetmarius.fr\/index.php\/wp-json\/wp\/v2\/types\/product"}],"replies":[{"embeddable":true,"href":"https:\/\/lilibelleetmarius.fr\/index.php\/wp-json\/wp\/v2\/comments?post=308"}],"version-history":[{"count":1,"href":"https:\/\/lilibelleetmarius.fr\/index.php\/wp-json\/wp\/v2\/product\/308\/revisions"}],"predecessor-version":[{"id":311,"href":"https:\/\/lilibelleetmarius.fr\/index.php\/wp-json\/wp\/v2\/product\/308\/revisions\/311"}],"wp:featuredmedia":[{"embeddable":true,"href":"https:\/\/lilibelleetmarius.fr\/index.php\/wp-json\/wp\/v2\/media\/310"}],"wp:attachment":[{"href":"https:\/\/lilibelleetmarius.fr\/index.php\/wp-json\/wp\/v2\/media?parent=308"}],"curies":[{"name":"wp","href":"https:\/\/api.w.org\/{rel}","templated":true}]}}