{"id":299,"date":"2021-03-14T13:54:50","date_gmt":"2021-03-14T12:54:50","guid":{"rendered":"http:\/\/lilibelleetmarius.fr\/?post_type=product&#038;p=299"},"modified":"2021-03-14T13:56:05","modified_gmt":"2021-03-14T12:56:05","slug":"anneau-de-dentition-lapin-circus","status":"publish","type":"product","link":"https:\/\/lilibelleetmarius.fr\/index.php\/produit\/anneau-de-dentition-lapin-circus\/","title":{"rendered":"Anneau de dentition Lapin Circus"},"content":{"rendered":"<p><img loading=\"lazy\" class=\"alignnone size-medium wp-image-300\" src=\"http:\/\/lilibelleetmarius.fr\/wp-content\/uploads\/2021\/03\/20201110_100817-225x300.jpg\" alt=\"Anneau de dentition Lapin Circus\" width=\"225\" height=\"300\" srcset=\"https:\/\/lilibelleetmarius.fr\/wp-content\/uploads\/2021\/03\/20201110_100817-225x300.jpg 225w, https:\/\/lilibelleetmarius.fr\/wp-content\/uploads\/2021\/03\/20201110_100817-768x1024.jpg 768w, https:\/\/lilibelleetmarius.fr\/wp-content\/uploads\/2021\/03\/20201110_100817-1152x1536.jpg 1152w, https:\/\/lilibelleetmarius.fr\/wp-content\/uploads\/2021\/03\/20201110_100817-1536x2048.jpg 1536w, https:\/\/lilibelleetmarius.fr\/wp-content\/uploads\/2021\/03\/20201110_100817-600x800.jpg 600w, https:\/\/lilibelleetmarius.fr\/wp-content\/uploads\/2021\/03\/20201110_100817-scaled.jpg 1920w\" sizes=\"(max-width: 225px) 100vw, 225px\" \/><\/p>\n","protected":false},"excerpt":{"rendered":"<p>Anneau de dentition super chouette, facile \u00e0 tenir avec les petites mains de b\u00e9b\u00e9 gr\u00e2ce \u00e0 son anneau en bois naturel tout doux..<\/p>\n<p>couleurs: jaune pale(minkee)et motifs multicolores.<\/p>\n<p>tissus 100% coton et polyester.<\/p>\n","protected":false},"featured_media":300,"comment_status":"open","ping_status":"closed","template":"","meta":[],"_links":{"self":[{"href":"https:\/\/lilibelleetmarius.fr\/index.php\/wp-json\/wp\/v2\/product\/299"}],"collection":[{"href":"https:\/\/lilibelleetmarius.fr\/index.php\/wp-json\/wp\/v2\/product"}],"about":[{"href":"https:\/\/lilibelleetmarius.fr\/index.php\/wp-json\/wp\/v2\/types\/product"}],"replies":[{"embeddable":true,"href":"https:\/\/lilibelleetmarius.fr\/index.php\/wp-json\/wp\/v2\/comments?post=299"}],"version-history":[{"count":1,"href":"https:\/\/lilibelleetmarius.fr\/index.php\/wp-json\/wp\/v2\/product\/299\/revisions"}],"predecessor-version":[{"id":301,"href":"https:\/\/lilibelleetmarius.fr\/index.php\/wp-json\/wp\/v2\/product\/299\/revisions\/301"}],"wp:featuredmedia":[{"embeddable":true,"href":"https:\/\/lilibelleetmarius.fr\/index.php\/wp-json\/wp\/v2\/media\/300"}],"wp:attachment":[{"href":"https:\/\/lilibelleetmarius.fr\/index.php\/wp-json\/wp\/v2\/media?parent=299"}],"curies":[{"name":"wp","href":"https:\/\/api.w.org\/{rel}","templated":true}]}}