{"id":296,"date":"2021-03-14T13:50:50","date_gmt":"2021-03-14T12:50:50","guid":{"rendered":"http:\/\/lilibelleetmarius.fr\/?post_type=product&#038;p=296"},"modified":"2021-03-14T13:50:50","modified_gmt":"2021-03-14T12:50:50","slug":"anneau-de-dentition-lapin-zigzag","status":"publish","type":"product","link":"https:\/\/lilibelleetmarius.fr\/index.php\/produit\/anneau-de-dentition-lapin-zigzag\/","title":{"rendered":"Anneau de dentition Lapin ZigZag"},"content":{"rendered":"<p><img loading=\"lazy\" class=\"alignnone size-medium wp-image-297\" src=\"http:\/\/lilibelleetmarius.fr\/wp-content\/uploads\/2021\/03\/20201110_100525-225x300.jpg\" alt=\"Anneau de dentition ZigZag\" width=\"225\" height=\"300\" srcset=\"https:\/\/lilibelleetmarius.fr\/wp-content\/uploads\/2021\/03\/20201110_100525-225x300.jpg 225w, https:\/\/lilibelleetmarius.fr\/wp-content\/uploads\/2021\/03\/20201110_100525-768x1024.jpg 768w, https:\/\/lilibelleetmarius.fr\/wp-content\/uploads\/2021\/03\/20201110_100525-1152x1536.jpg 1152w, https:\/\/lilibelleetmarius.fr\/wp-content\/uploads\/2021\/03\/20201110_100525-1536x2048.jpg 1536w, https:\/\/lilibelleetmarius.fr\/wp-content\/uploads\/2021\/03\/20201110_100525-600x800.jpg 600w, https:\/\/lilibelleetmarius.fr\/wp-content\/uploads\/2021\/03\/20201110_100525-scaled.jpg 1920w\" sizes=\"(max-width: 225px) 100vw, 225px\" \/><\/p>\n","protected":false},"excerpt":{"rendered":"<p>Anneau de dentition super chouette, facile \u00e0 tenir avec les petites mains de b\u00e9b\u00e9 gr\u00e2ce \u00e0 son anneau en bois naturel tout doux..<\/p>\n<p>couleurs blanc et bleu.<\/p>\n<p>motif g\u00e9om\u00e9trique.<\/p>\n<p>tissus 100% coton et polyester.<\/p>\n","protected":false},"featured_media":297,"comment_status":"open","ping_status":"closed","template":"","meta":[],"_links":{"self":[{"href":"https:\/\/lilibelleetmarius.fr\/index.php\/wp-json\/wp\/v2\/product\/296"}],"collection":[{"href":"https:\/\/lilibelleetmarius.fr\/index.php\/wp-json\/wp\/v2\/product"}],"about":[{"href":"https:\/\/lilibelleetmarius.fr\/index.php\/wp-json\/wp\/v2\/types\/product"}],"replies":[{"embeddable":true,"href":"https:\/\/lilibelleetmarius.fr\/index.php\/wp-json\/wp\/v2\/comments?post=296"}],"version-history":[{"count":1,"href":"https:\/\/lilibelleetmarius.fr\/index.php\/wp-json\/wp\/v2\/product\/296\/revisions"}],"predecessor-version":[{"id":298,"href":"https:\/\/lilibelleetmarius.fr\/index.php\/wp-json\/wp\/v2\/product\/296\/revisions\/298"}],"wp:featuredmedia":[{"embeddable":true,"href":"https:\/\/lilibelleetmarius.fr\/index.php\/wp-json\/wp\/v2\/media\/297"}],"wp:attachment":[{"href":"https:\/\/lilibelleetmarius.fr\/index.php\/wp-json\/wp\/v2\/media?parent=296"}],"curies":[{"name":"wp","href":"https:\/\/api.w.org\/{rel}","templated":true}]}}