{"id":293,"date":"2021-03-14T13:45:57","date_gmt":"2021-03-14T12:45:57","guid":{"rendered":"http:\/\/lilibelleetmarius.fr\/?post_type=product&#038;p=293"},"modified":"2021-03-14T13:45:58","modified_gmt":"2021-03-14T12:45:58","slug":"anneau-de-dentition-lapin-cactus","status":"publish","type":"product","link":"https:\/\/lilibelleetmarius.fr\/index.php\/produit\/anneau-de-dentition-lapin-cactus\/","title":{"rendered":"Anneau de dentition Lapin Cactus"},"content":{"rendered":"<p><img loading=\"lazy\" class=\"alignnone size-medium wp-image-294\" src=\"http:\/\/lilibelleetmarius.fr\/wp-content\/uploads\/2021\/03\/20201110_100320-225x300.jpg\" alt=\"\" width=\"225\" height=\"300\" srcset=\"https:\/\/lilibelleetmarius.fr\/wp-content\/uploads\/2021\/03\/20201110_100320-225x300.jpg 225w, https:\/\/lilibelleetmarius.fr\/wp-content\/uploads\/2021\/03\/20201110_100320-768x1024.jpg 768w, https:\/\/lilibelleetmarius.fr\/wp-content\/uploads\/2021\/03\/20201110_100320-1152x1536.jpg 1152w, https:\/\/lilibelleetmarius.fr\/wp-content\/uploads\/2021\/03\/20201110_100320-1536x2048.jpg 1536w, https:\/\/lilibelleetmarius.fr\/wp-content\/uploads\/2021\/03\/20201110_100320-600x800.jpg 600w, https:\/\/lilibelleetmarius.fr\/wp-content\/uploads\/2021\/03\/20201110_100320-scaled.jpg 1920w\" sizes=\"(max-width: 225px) 100vw, 225px\" \/><\/p>\n","protected":false},"excerpt":{"rendered":"<p>Anneau de dentition super chouette, facile \u00e0 tenir avec les petites mains de b\u00e9b\u00e9 gr\u00e2ce \u00e0 son anneau en bois naturel tout doux..<\/p>\n<p>couleurs blanc et bleu.<\/p>\n<p>motifs cactus<\/p>\n<p>tissus 100% coton et minkee<\/p>\n","protected":false},"featured_media":294,"comment_status":"open","ping_status":"closed","template":"","meta":[],"_links":{"self":[{"href":"https:\/\/lilibelleetmarius.fr\/index.php\/wp-json\/wp\/v2\/product\/293"}],"collection":[{"href":"https:\/\/lilibelleetmarius.fr\/index.php\/wp-json\/wp\/v2\/product"}],"about":[{"href":"https:\/\/lilibelleetmarius.fr\/index.php\/wp-json\/wp\/v2\/types\/product"}],"replies":[{"embeddable":true,"href":"https:\/\/lilibelleetmarius.fr\/index.php\/wp-json\/wp\/v2\/comments?post=293"}],"version-history":[{"count":1,"href":"https:\/\/lilibelleetmarius.fr\/index.php\/wp-json\/wp\/v2\/product\/293\/revisions"}],"predecessor-version":[{"id":295,"href":"https:\/\/lilibelleetmarius.fr\/index.php\/wp-json\/wp\/v2\/product\/293\/revisions\/295"}],"wp:featuredmedia":[{"embeddable":true,"href":"https:\/\/lilibelleetmarius.fr\/index.php\/wp-json\/wp\/v2\/media\/294"}],"wp:attachment":[{"href":"https:\/\/lilibelleetmarius.fr\/index.php\/wp-json\/wp\/v2\/media?parent=293"}],"curies":[{"name":"wp","href":"https:\/\/api.w.org\/{rel}","templated":true}]}}