{"id":273,"date":"2021-03-14T12:06:25","date_gmt":"2021-03-14T11:06:25","guid":{"rendered":"http:\/\/lilibelleetmarius.fr\/?post_type=product&#038;p=273"},"modified":"2021-03-14T12:06:26","modified_gmt":"2021-03-14T11:06:26","slug":"protege-carnet-de-sante-liberty-violet","status":"publish","type":"product","link":"https:\/\/lilibelleetmarius.fr\/index.php\/produit\/protege-carnet-de-sante-liberty-violet\/","title":{"rendered":"Prot\u00e8ge carnet de sant\u00e9 Liberty violet"},"content":{"rendered":"<p><img loading=\"lazy\" class=\"alignnone size-medium wp-image-276\" style=\"font-weight: inherit;\" src=\"http:\/\/lilibelleetmarius.fr\/wp-content\/uploads\/2021\/03\/20201207_081028-214x300.jpg\" alt=\"\" width=\"214\" height=\"300\" srcset=\"https:\/\/lilibelleetmarius.fr\/wp-content\/uploads\/2021\/03\/20201207_081028-214x300.jpg 214w, https:\/\/lilibelleetmarius.fr\/wp-content\/uploads\/2021\/03\/20201207_081028-731x1024.jpg 731w, https:\/\/lilibelleetmarius.fr\/wp-content\/uploads\/2021\/03\/20201207_081028-768x1076.jpg 768w, https:\/\/lilibelleetmarius.fr\/wp-content\/uploads\/2021\/03\/20201207_081028-1096x1536.jpg 1096w, https:\/\/lilibelleetmarius.fr\/wp-content\/uploads\/2021\/03\/20201207_081028-1462x2048.jpg 1462w, https:\/\/lilibelleetmarius.fr\/wp-content\/uploads\/2021\/03\/20201207_081028-600x841.jpg 600w, https:\/\/lilibelleetmarius.fr\/wp-content\/uploads\/2021\/03\/20201207_081028.jpg 1807w\" sizes=\"(max-width: 214px) 100vw, 214px\" \/><img loading=\"lazy\" class=\"alignnone size-medium wp-image-274\" src=\"http:\/\/lilibelleetmarius.fr\/wp-content\/uploads\/2021\/03\/20201207_080808-300x212.jpg\" alt=\"Prot\u00e8ge carnet de sant\u00e9 Liberty violet\" width=\"300\" height=\"212\" srcset=\"https:\/\/lilibelleetmarius.fr\/wp-content\/uploads\/2021\/03\/20201207_080808-300x212.jpg 300w, https:\/\/lilibelleetmarius.fr\/wp-content\/uploads\/2021\/03\/20201207_080808-1024x725.jpg 1024w, https:\/\/lilibelleetmarius.fr\/wp-content\/uploads\/2021\/03\/20201207_080808-768x544.jpg 768w, https:\/\/lilibelleetmarius.fr\/wp-content\/uploads\/2021\/03\/20201207_080808-1536x1088.jpg 1536w, https:\/\/lilibelleetmarius.fr\/wp-content\/uploads\/2021\/03\/20201207_080808-2048x1450.jpg 2048w, https:\/\/lilibelleetmarius.fr\/wp-content\/uploads\/2021\/03\/20201207_080808-600x425.jpg 600w\" sizes=\"(max-width: 300px) 100vw, 300px\" \/> <img loading=\"lazy\" class=\"alignnone size-medium wp-image-275\" src=\"http:\/\/lilibelleetmarius.fr\/wp-content\/uploads\/2021\/03\/20201207_081001-300x231.jpg\" alt=\"\" width=\"300\" height=\"231\" srcset=\"https:\/\/lilibelleetmarius.fr\/wp-content\/uploads\/2021\/03\/20201207_081001-300x231.jpg 300w, https:\/\/lilibelleetmarius.fr\/wp-content\/uploads\/2021\/03\/20201207_081001-1024x787.jpg 1024w, https:\/\/lilibelleetmarius.fr\/wp-content\/uploads\/2021\/03\/20201207_081001-768x591.jpg 768w, https:\/\/lilibelleetmarius.fr\/wp-content\/uploads\/2021\/03\/20201207_081001-1536x1181.jpg 1536w, https:\/\/lilibelleetmarius.fr\/wp-content\/uploads\/2021\/03\/20201207_081001-2048x1575.jpg 2048w, https:\/\/lilibelleetmarius.fr\/wp-content\/uploads\/2021\/03\/20201207_081001-600x461.jpg 600w\" sizes=\"(max-width: 300px) 100vw, 300px\" \/><\/p>\n","protected":false},"excerpt":{"rendered":"<p>Joli prot\u00e8ge carnet de sant\u00e9 fait avec amour pour votre petit tr\u00e9sor.<\/p>\n<p>Description:<\/p>\n<p>Deux grands rabats \u00e0 l&#8217;int\u00e9rieur (pour mettre le carnet mais \u00e9galement les multitudes de documents qu&#8217;on accumule chez le p\u00e9diatre, oui oui ).<\/p>\n<p>Petit plus: Un marque page bien pratique et mignon.<\/p>\n<p>Mod\u00e8le unique.<\/p>\n<p>Convient aux carnets d\u00e9livr\u00e9s en maternit\u00e9 de France.<\/p>\n<p>Tissus de coton imprim\u00e9 OEKO-TEX.<\/p>\n<p>Motifs: petites fleurs violettes<\/p>\n<p>Lavable en machine max 40\u00b0C et repassage.<\/p>\n<p>Dimensions: 22.5 cm x 16.5 cm.<\/p>\n","protected":false},"featured_media":276,"comment_status":"open","ping_status":"closed","template":"","meta":[],"_links":{"self":[{"href":"https:\/\/lilibelleetmarius.fr\/index.php\/wp-json\/wp\/v2\/product\/273"}],"collection":[{"href":"https:\/\/lilibelleetmarius.fr\/index.php\/wp-json\/wp\/v2\/product"}],"about":[{"href":"https:\/\/lilibelleetmarius.fr\/index.php\/wp-json\/wp\/v2\/types\/product"}],"replies":[{"embeddable":true,"href":"https:\/\/lilibelleetmarius.fr\/index.php\/wp-json\/wp\/v2\/comments?post=273"}],"version-history":[{"count":1,"href":"https:\/\/lilibelleetmarius.fr\/index.php\/wp-json\/wp\/v2\/product\/273\/revisions"}],"predecessor-version":[{"id":277,"href":"https:\/\/lilibelleetmarius.fr\/index.php\/wp-json\/wp\/v2\/product\/273\/revisions\/277"}],"wp:featuredmedia":[{"embeddable":true,"href":"https:\/\/lilibelleetmarius.fr\/index.php\/wp-json\/wp\/v2\/media\/276"}],"wp:attachment":[{"href":"https:\/\/lilibelleetmarius.fr\/index.php\/wp-json\/wp\/v2\/media?parent=273"}],"curies":[{"name":"wp","href":"https:\/\/api.w.org\/{rel}","templated":true}]}}