{"id":269,"date":"2021-03-14T12:00:40","date_gmt":"2021-03-14T11:00:40","guid":{"rendered":"http:\/\/lilibelleetmarius.fr\/?post_type=product&#038;p=269"},"modified":"2021-03-14T12:00:40","modified_gmt":"2021-03-14T11:00:40","slug":"protege-carnet-de-sante-baleines","status":"publish","type":"product","link":"https:\/\/lilibelleetmarius.fr\/index.php\/produit\/protege-carnet-de-sante-baleines\/","title":{"rendered":"Prot\u00e8ge carnet de sant\u00e9 Baleines"},"content":{"rendered":"<p><img loading=\"lazy\" class=\"alignnone size-medium wp-image-271\" style=\"font-weight: inherit;\" src=\"http:\/\/lilibelleetmarius.fr\/wp-content\/uploads\/2021\/03\/20210110_184212-219x300.jpg\" alt=\"\" width=\"219\" height=\"300\" srcset=\"https:\/\/lilibelleetmarius.fr\/wp-content\/uploads\/2021\/03\/20210110_184212-219x300.jpg 219w, https:\/\/lilibelleetmarius.fr\/wp-content\/uploads\/2021\/03\/20210110_184212-749x1024.jpg 749w, https:\/\/lilibelleetmarius.fr\/wp-content\/uploads\/2021\/03\/20210110_184212-768x1050.jpg 768w, https:\/\/lilibelleetmarius.fr\/wp-content\/uploads\/2021\/03\/20210110_184212-1123x1536.jpg 1123w, https:\/\/lilibelleetmarius.fr\/wp-content\/uploads\/2021\/03\/20210110_184212-1497x2048.jpg 1497w, https:\/\/lilibelleetmarius.fr\/wp-content\/uploads\/2021\/03\/20210110_184212-600x821.jpg 600w, https:\/\/lilibelleetmarius.fr\/wp-content\/uploads\/2021\/03\/20210110_184212-scaled.jpg 1872w\" sizes=\"(max-width: 219px) 100vw, 219px\" \/><img loading=\"lazy\" class=\"alignnone size-medium wp-image-270\" src=\"http:\/\/lilibelleetmarius.fr\/wp-content\/uploads\/2021\/03\/20210110_184149-300x254.jpg\" alt=\"Prot\u00e8ge carnet de sant\u00e9 Baleines\" width=\"300\" height=\"254\" srcset=\"https:\/\/lilibelleetmarius.fr\/wp-content\/uploads\/2021\/03\/20210110_184149-300x254.jpg 300w, https:\/\/lilibelleetmarius.fr\/wp-content\/uploads\/2021\/03\/20210110_184149-1024x866.jpg 1024w, https:\/\/lilibelleetmarius.fr\/wp-content\/uploads\/2021\/03\/20210110_184149-768x649.jpg 768w, https:\/\/lilibelleetmarius.fr\/wp-content\/uploads\/2021\/03\/20210110_184149-1536x1299.jpg 1536w, https:\/\/lilibelleetmarius.fr\/wp-content\/uploads\/2021\/03\/20210110_184149-2048x1731.jpg 2048w, https:\/\/lilibelleetmarius.fr\/wp-content\/uploads\/2021\/03\/20210110_184149-600x507.jpg 600w\" sizes=\"(max-width: 300px) 100vw, 300px\" \/><\/p>\n","protected":false},"excerpt":{"rendered":"<p>Joli prot\u00e8ge carnet de sant\u00e9 fait avec amour pour votre petit tr\u00e9sor.<\/p>\n<p>Description:<\/p>\n<p>Deux grands rabats \u00e0 l&#8217;int\u00e9rieur (pour mettre le carnet mais \u00e9galement les multitudes de documents qu&#8217;on accumule chez le p\u00e9diatre, oui oui ).<\/p>\n<p>Petit plus: Un marque page bien pratique et mignon.<\/p>\n<p>Mod\u00e8le unique.<\/p>\n<p>Convient aux carnets d\u00e9livr\u00e9s en maternit\u00e9 de France.<\/p>\n<p>Tissus de coton imprim\u00e9 OEKO-TEX.<\/p>\n<p>Motifs: animaux marins multicolores rigolos et rayures multicolores et pois.<\/p>\n<p>Lavable en machine max 40\u00b0C et repassage.<\/p>\n<p>Dimensions: 22.5 cm x 16.5 cm.<\/p>\n","protected":false},"featured_media":271,"comment_status":"open","ping_status":"closed","template":"","meta":[],"_links":{"self":[{"href":"https:\/\/lilibelleetmarius.fr\/index.php\/wp-json\/wp\/v2\/product\/269"}],"collection":[{"href":"https:\/\/lilibelleetmarius.fr\/index.php\/wp-json\/wp\/v2\/product"}],"about":[{"href":"https:\/\/lilibelleetmarius.fr\/index.php\/wp-json\/wp\/v2\/types\/product"}],"replies":[{"embeddable":true,"href":"https:\/\/lilibelleetmarius.fr\/index.php\/wp-json\/wp\/v2\/comments?post=269"}],"version-history":[{"count":1,"href":"https:\/\/lilibelleetmarius.fr\/index.php\/wp-json\/wp\/v2\/product\/269\/revisions"}],"predecessor-version":[{"id":272,"href":"https:\/\/lilibelleetmarius.fr\/index.php\/wp-json\/wp\/v2\/product\/269\/revisions\/272"}],"wp:featuredmedia":[{"embeddable":true,"href":"https:\/\/lilibelleetmarius.fr\/index.php\/wp-json\/wp\/v2\/media\/271"}],"wp:attachment":[{"href":"https:\/\/lilibelleetmarius.fr\/index.php\/wp-json\/wp\/v2\/media?parent=269"}],"curies":[{"name":"wp","href":"https:\/\/api.w.org\/{rel}","templated":true}]}}