{"id":265,"date":"2021-03-14T11:55:00","date_gmt":"2021-03-14T10:55:00","guid":{"rendered":"http:\/\/lilibelleetmarius.fr\/?post_type=product&#038;p=265"},"modified":"2021-03-14T11:55:01","modified_gmt":"2021-03-14T10:55:01","slug":"protege-carnet-de-sante","status":"publish","type":"product","link":"https:\/\/lilibelleetmarius.fr\/index.php\/produit\/protege-carnet-de-sante\/","title":{"rendered":"Prot\u00e8ge carnet de sant\u00e9"},"content":{"rendered":"<p><img loading=\"lazy\" class=\"alignnone size-medium wp-image-267\" style=\"font-weight: inherit;\" src=\"http:\/\/lilibelleetmarius.fr\/wp-content\/uploads\/2021\/03\/20210110_184307-206x300.jpg\" alt=\"Prot\u00e8ge carnet de sant\u00e9 Petits poissons\" width=\"206\" height=\"300\" srcset=\"https:\/\/lilibelleetmarius.fr\/wp-content\/uploads\/2021\/03\/20210110_184307-206x300.jpg 206w, https:\/\/lilibelleetmarius.fr\/wp-content\/uploads\/2021\/03\/20210110_184307-705x1024.jpg 705w, https:\/\/lilibelleetmarius.fr\/wp-content\/uploads\/2021\/03\/20210110_184307-768x1116.jpg 768w, https:\/\/lilibelleetmarius.fr\/wp-content\/uploads\/2021\/03\/20210110_184307-1057x1536.jpg 1057w, https:\/\/lilibelleetmarius.fr\/wp-content\/uploads\/2021\/03\/20210110_184307-1409x2048.jpg 1409w, https:\/\/lilibelleetmarius.fr\/wp-content\/uploads\/2021\/03\/20210110_184307-600x872.jpg 600w, https:\/\/lilibelleetmarius.fr\/wp-content\/uploads\/2021\/03\/20210110_184307-scaled.jpg 1762w\" sizes=\"(max-width: 206px) 100vw, 206px\" \/><img loading=\"lazy\" class=\"alignnone size-medium wp-image-266\" src=\"http:\/\/lilibelleetmarius.fr\/wp-content\/uploads\/2021\/03\/20210110_184250-300x256.jpg\" alt=\"\" width=\"300\" height=\"256\" srcset=\"https:\/\/lilibelleetmarius.fr\/wp-content\/uploads\/2021\/03\/20210110_184250-300x256.jpg 300w, https:\/\/lilibelleetmarius.fr\/wp-content\/uploads\/2021\/03\/20210110_184250-1024x875.jpg 1024w, https:\/\/lilibelleetmarius.fr\/wp-content\/uploads\/2021\/03\/20210110_184250-768x656.jpg 768w, https:\/\/lilibelleetmarius.fr\/wp-content\/uploads\/2021\/03\/20210110_184250-1536x1313.jpg 1536w, https:\/\/lilibelleetmarius.fr\/wp-content\/uploads\/2021\/03\/20210110_184250-2048x1751.jpg 2048w, https:\/\/lilibelleetmarius.fr\/wp-content\/uploads\/2021\/03\/20210110_184250-600x513.jpg 600w\" sizes=\"(max-width: 300px) 100vw, 300px\" \/><\/p>\n","protected":false},"excerpt":{"rendered":"<p>Joli prot\u00e8ge carnet de sant\u00e9 fait avec amour pour votre petit tr\u00e9sor.<\/p>\n<p>Description:<\/p>\n<p>Deux grands rabats \u00e0 l&#8217;int\u00e9rieur (pour mettre le carnet mais \u00e9galement les multitudes de documents qu&#8217;on accumule chez le p\u00e9diatre, oui oui ).<\/p>\n<p>Petit plus: Un marque page bien pratique et mignon.<\/p>\n<p>Mod\u00e8le unique.<\/p>\n<p>Convient aux carnets d\u00e9livr\u00e9s en maternit\u00e9 de France.<\/p>\n<p>Tissus de coton imprim\u00e9 OEKO-TEX.<\/p>\n<p>Motifs: poissons multicolores rigolos (fond bleu clair) et ancres marines.<\/p>\n<p>Lavable en machine max 40\u00b0C et repassage.<\/p>\n<p>Dimensions: 22.5 cm x 16.5 cm.<\/p>\n","protected":false},"featured_media":267,"comment_status":"open","ping_status":"closed","template":"","meta":[],"_links":{"self":[{"href":"https:\/\/lilibelleetmarius.fr\/index.php\/wp-json\/wp\/v2\/product\/265"}],"collection":[{"href":"https:\/\/lilibelleetmarius.fr\/index.php\/wp-json\/wp\/v2\/product"}],"about":[{"href":"https:\/\/lilibelleetmarius.fr\/index.php\/wp-json\/wp\/v2\/types\/product"}],"replies":[{"embeddable":true,"href":"https:\/\/lilibelleetmarius.fr\/index.php\/wp-json\/wp\/v2\/comments?post=265"}],"version-history":[{"count":1,"href":"https:\/\/lilibelleetmarius.fr\/index.php\/wp-json\/wp\/v2\/product\/265\/revisions"}],"predecessor-version":[{"id":268,"href":"https:\/\/lilibelleetmarius.fr\/index.php\/wp-json\/wp\/v2\/product\/265\/revisions\/268"}],"wp:featuredmedia":[{"embeddable":true,"href":"https:\/\/lilibelleetmarius.fr\/index.php\/wp-json\/wp\/v2\/media\/267"}],"wp:attachment":[{"href":"https:\/\/lilibelleetmarius.fr\/index.php\/wp-json\/wp\/v2\/media?parent=265"}],"curies":[{"name":"wp","href":"https:\/\/api.w.org\/{rel}","templated":true}]}}