{"id":247,"date":"2021-03-14T11:19:11","date_gmt":"2021-03-14T10:19:11","guid":{"rendered":"http:\/\/lilibelleetmarius.fr\/?post_type=product&#038;p=247"},"modified":"2021-03-14T11:19:11","modified_gmt":"2021-03-14T10:19:11","slug":"bavoir-bandana-oursons","status":"publish","type":"product","link":"https:\/\/lilibelleetmarius.fr\/index.php\/produit\/bavoir-bandana-oursons\/","title":{"rendered":"Bavoir bandana Oursons"},"content":{"rendered":"<p><img loading=\"lazy\" class=\"alignnone size-medium wp-image-248\" src=\"http:\/\/lilibelleetmarius.fr\/wp-content\/uploads\/2021\/03\/20201110_104859-225x300.jpg\" alt=\"Bavoir bandana Oursons\" width=\"225\" height=\"300\" srcset=\"https:\/\/lilibelleetmarius.fr\/wp-content\/uploads\/2021\/03\/20201110_104859-225x300.jpg 225w, https:\/\/lilibelleetmarius.fr\/wp-content\/uploads\/2021\/03\/20201110_104859-768x1024.jpg 768w, https:\/\/lilibelleetmarius.fr\/wp-content\/uploads\/2021\/03\/20201110_104859-1152x1536.jpg 1152w, https:\/\/lilibelleetmarius.fr\/wp-content\/uploads\/2021\/03\/20201110_104859-1536x2048.jpg 1536w, https:\/\/lilibelleetmarius.fr\/wp-content\/uploads\/2021\/03\/20201110_104859-600x800.jpg 600w, https:\/\/lilibelleetmarius.fr\/wp-content\/uploads\/2021\/03\/20201110_104859-scaled.jpg 1920w\" sizes=\"(max-width: 225px) 100vw, 225px\" \/> <img loading=\"lazy\" class=\"alignnone size-medium wp-image-249\" src=\"http:\/\/lilibelleetmarius.fr\/wp-content\/uploads\/2021\/03\/20201110_104907-225x300.jpg\" alt=\"\" width=\"225\" height=\"300\" srcset=\"https:\/\/lilibelleetmarius.fr\/wp-content\/uploads\/2021\/03\/20201110_104907-225x300.jpg 225w, https:\/\/lilibelleetmarius.fr\/wp-content\/uploads\/2021\/03\/20201110_104907-768x1024.jpg 768w, https:\/\/lilibelleetmarius.fr\/wp-content\/uploads\/2021\/03\/20201110_104907-1152x1536.jpg 1152w, https:\/\/lilibelleetmarius.fr\/wp-content\/uploads\/2021\/03\/20201110_104907-1536x2048.jpg 1536w, https:\/\/lilibelleetmarius.fr\/wp-content\/uploads\/2021\/03\/20201110_104907-600x800.jpg 600w, https:\/\/lilibelleetmarius.fr\/wp-content\/uploads\/2021\/03\/20201110_104907-scaled.jpg 1920w\" sizes=\"(max-width: 225px) 100vw, 225px\" \/><\/p>\n","protected":false},"excerpt":{"rendered":"<p>Le bavoir pour baver (ou manger) avec \u00e9l\u00e9gance \ud83d\ude42<\/p>\n<p>Bavoir Bandana en coton 100%, r\u00e9glable avec ses deux pressions color\u00e9es.<\/p>\n<p>Son look est plut\u00f4t sympa avec ses deux petites \u00e9tiquettes qui d\u00e9passent sur le bas .<\/p>\n<p>facile d&#8217;entretien, lavable en machine et repassable.<\/p>\n","protected":false},"featured_media":248,"comment_status":"open","ping_status":"closed","template":"","meta":[],"_links":{"self":[{"href":"https:\/\/lilibelleetmarius.fr\/index.php\/wp-json\/wp\/v2\/product\/247"}],"collection":[{"href":"https:\/\/lilibelleetmarius.fr\/index.php\/wp-json\/wp\/v2\/product"}],"about":[{"href":"https:\/\/lilibelleetmarius.fr\/index.php\/wp-json\/wp\/v2\/types\/product"}],"replies":[{"embeddable":true,"href":"https:\/\/lilibelleetmarius.fr\/index.php\/wp-json\/wp\/v2\/comments?post=247"}],"version-history":[{"count":1,"href":"https:\/\/lilibelleetmarius.fr\/index.php\/wp-json\/wp\/v2\/product\/247\/revisions"}],"predecessor-version":[{"id":250,"href":"https:\/\/lilibelleetmarius.fr\/index.php\/wp-json\/wp\/v2\/product\/247\/revisions\/250"}],"wp:featuredmedia":[{"embeddable":true,"href":"https:\/\/lilibelleetmarius.fr\/index.php\/wp-json\/wp\/v2\/media\/248"}],"wp:attachment":[{"href":"https:\/\/lilibelleetmarius.fr\/index.php\/wp-json\/wp\/v2\/media?parent=247"}],"curies":[{"name":"wp","href":"https:\/\/api.w.org\/{rel}","templated":true}]}}