{"id":215,"date":"2021-03-13T14:50:11","date_gmt":"2021-03-13T13:50:11","guid":{"rendered":"http:\/\/lilibelleetmarius.fr\/?post_type=product&#038;p=215"},"modified":"2021-03-13T14:53:09","modified_gmt":"2021-03-13T13:53:09","slug":"bavoir-grand-modele-nature","status":"publish","type":"product","link":"https:\/\/lilibelleetmarius.fr\/index.php\/produit\/bavoir-grand-modele-nature\/","title":{"rendered":"Bavoir grand mod\u00e8le Nature"},"content":{"rendered":"<p><img loading=\"lazy\" class=\"alignnone size-medium wp-image-216\" src=\"http:\/\/lilibelleetmarius.fr\/wp-content\/uploads\/2021\/03\/20201110_105128-225x300.jpg\" alt=\"\" width=\"225\" height=\"300\" srcset=\"https:\/\/lilibelleetmarius.fr\/wp-content\/uploads\/2021\/03\/20201110_105128-225x300.jpg 225w, https:\/\/lilibelleetmarius.fr\/wp-content\/uploads\/2021\/03\/20201110_105128-768x1024.jpg 768w, https:\/\/lilibelleetmarius.fr\/wp-content\/uploads\/2021\/03\/20201110_105128-1152x1536.jpg 1152w, https:\/\/lilibelleetmarius.fr\/wp-content\/uploads\/2021\/03\/20201110_105128-1536x2048.jpg 1536w, https:\/\/lilibelleetmarius.fr\/wp-content\/uploads\/2021\/03\/20201110_105128-600x800.jpg 600w, https:\/\/lilibelleetmarius.fr\/wp-content\/uploads\/2021\/03\/20201110_105128-scaled.jpg 1920w\" sizes=\"(max-width: 225px) 100vw, 225px\" \/> <img loading=\"lazy\" class=\"alignnone size-medium wp-image-217\" src=\"http:\/\/lilibelleetmarius.fr\/wp-content\/uploads\/2021\/03\/20201110_105138-225x300.jpg\" alt=\"\" width=\"225\" height=\"300\" srcset=\"https:\/\/lilibelleetmarius.fr\/wp-content\/uploads\/2021\/03\/20201110_105138-225x300.jpg 225w, https:\/\/lilibelleetmarius.fr\/wp-content\/uploads\/2021\/03\/20201110_105138-768x1024.jpg 768w, https:\/\/lilibelleetmarius.fr\/wp-content\/uploads\/2021\/03\/20201110_105138-1152x1536.jpg 1152w, https:\/\/lilibelleetmarius.fr\/wp-content\/uploads\/2021\/03\/20201110_105138-1536x2048.jpg 1536w, https:\/\/lilibelleetmarius.fr\/wp-content\/uploads\/2021\/03\/20201110_105138-600x800.jpg 600w, https:\/\/lilibelleetmarius.fr\/wp-content\/uploads\/2021\/03\/20201110_105138-scaled.jpg 1920w\" sizes=\"(max-width: 225px) 100vw, 225px\" \/><\/p>\n","protected":false},"excerpt":{"rendered":"<p>Le bavoir pour manger avec \u00e9l\u00e9gance \ud83d\ude42<\/p>\n<p>Bavoir en coton 100% OEKO-TEX, r\u00e9glable avec ses deux pressions color\u00e9es.<\/p>\n<p>Son look est plut\u00f4t sympa avec ses petites \u00e9tiquettes qui d\u00e9passent sur le bas .<\/p>\n<p>facile d&#8217;entretien, lavable en machine et repassable.<\/p>\n","protected":false},"featured_media":217,"comment_status":"open","ping_status":"closed","template":"","meta":[],"_links":{"self":[{"href":"https:\/\/lilibelleetmarius.fr\/index.php\/wp-json\/wp\/v2\/product\/215"}],"collection":[{"href":"https:\/\/lilibelleetmarius.fr\/index.php\/wp-json\/wp\/v2\/product"}],"about":[{"href":"https:\/\/lilibelleetmarius.fr\/index.php\/wp-json\/wp\/v2\/types\/product"}],"replies":[{"embeddable":true,"href":"https:\/\/lilibelleetmarius.fr\/index.php\/wp-json\/wp\/v2\/comments?post=215"}],"version-history":[{"count":1,"href":"https:\/\/lilibelleetmarius.fr\/index.php\/wp-json\/wp\/v2\/product\/215\/revisions"}],"predecessor-version":[{"id":218,"href":"https:\/\/lilibelleetmarius.fr\/index.php\/wp-json\/wp\/v2\/product\/215\/revisions\/218"}],"wp:featuredmedia":[{"embeddable":true,"href":"https:\/\/lilibelleetmarius.fr\/index.php\/wp-json\/wp\/v2\/media\/217"}],"wp:attachment":[{"href":"https:\/\/lilibelleetmarius.fr\/index.php\/wp-json\/wp\/v2\/media?parent=215"}],"curies":[{"name":"wp","href":"https:\/\/api.w.org\/{rel}","templated":true}]}}