{"id":199,"date":"2021-03-13T14:33:09","date_gmt":"2021-03-13T13:33:09","guid":{"rendered":"http:\/\/lilibelleetmarius.fr\/?post_type=product&#038;p=199"},"modified":"2021-03-14T11:02:42","modified_gmt":"2021-03-14T10:02:42","slug":"bavoir-grand-modele-liberty","status":"publish","type":"product","link":"https:\/\/lilibelleetmarius.fr\/index.php\/produit\/bavoir-grand-modele-liberty\/","title":{"rendered":"Bavoir grand mod\u00e8le Liberty"},"content":{"rendered":"<p><img loading=\"lazy\" class=\"alignnone size-medium wp-image-200\" style=\"font-weight: inherit;\" src=\"http:\/\/lilibelleetmarius.fr\/wp-content\/uploads\/2021\/03\/20210111_114735-225x300.jpg\" alt=\"\" width=\"225\" height=\"300\" srcset=\"https:\/\/lilibelleetmarius.fr\/wp-content\/uploads\/2021\/03\/20210111_114735-225x300.jpg 225w, https:\/\/lilibelleetmarius.fr\/wp-content\/uploads\/2021\/03\/20210111_114735-768x1024.jpg 768w, https:\/\/lilibelleetmarius.fr\/wp-content\/uploads\/2021\/03\/20210111_114735-1152x1536.jpg 1152w, https:\/\/lilibelleetmarius.fr\/wp-content\/uploads\/2021\/03\/20210111_114735-1536x2048.jpg 1536w, https:\/\/lilibelleetmarius.fr\/wp-content\/uploads\/2021\/03\/20210111_114735-600x800.jpg 600w, https:\/\/lilibelleetmarius.fr\/wp-content\/uploads\/2021\/03\/20210111_114735-scaled.jpg 1920w\" sizes=\"(max-width: 225px) 100vw, 225px\" \/><img loading=\"lazy\" class=\"alignnone size-medium wp-image-201\" src=\"http:\/\/lilibelleetmarius.fr\/wp-content\/uploads\/2021\/03\/20210111_130336-243x300.jpg\" alt=\"\" width=\"243\" height=\"300\" srcset=\"https:\/\/lilibelleetmarius.fr\/wp-content\/uploads\/2021\/03\/20210111_130336-243x300.jpg 243w, https:\/\/lilibelleetmarius.fr\/wp-content\/uploads\/2021\/03\/20210111_130336-830x1024.jpg 830w, https:\/\/lilibelleetmarius.fr\/wp-content\/uploads\/2021\/03\/20210111_130336-768x948.jpg 768w, https:\/\/lilibelleetmarius.fr\/wp-content\/uploads\/2021\/03\/20210111_130336-1245x1536.jpg 1245w, https:\/\/lilibelleetmarius.fr\/wp-content\/uploads\/2021\/03\/20210111_130336-1660x2048.jpg 1660w, https:\/\/lilibelleetmarius.fr\/wp-content\/uploads\/2021\/03\/20210111_130336-600x740.jpg 600w\" sizes=\"(max-width: 243px) 100vw, 243px\" \/><img loading=\"lazy\" class=\"alignnone size-medium wp-image-194\" src=\"http:\/\/lilibelleetmarius.fr\/wp-content\/uploads\/2021\/03\/20210111_130345-240x300.jpg\" alt=\"\" width=\"240\" height=\"300\" srcset=\"https:\/\/lilibelleetmarius.fr\/wp-content\/uploads\/2021\/03\/20210111_130345-240x300.jpg 240w, https:\/\/lilibelleetmarius.fr\/wp-content\/uploads\/2021\/03\/20210111_130345-821x1024.jpg 821w, https:\/\/lilibelleetmarius.fr\/wp-content\/uploads\/2021\/03\/20210111_130345-768x958.jpg 768w, https:\/\/lilibelleetmarius.fr\/wp-content\/uploads\/2021\/03\/20210111_130345-1231x1536.jpg 1231w, https:\/\/lilibelleetmarius.fr\/wp-content\/uploads\/2021\/03\/20210111_130345-1641x2048.jpg 1641w, https:\/\/lilibelleetmarius.fr\/wp-content\/uploads\/2021\/03\/20210111_130345-600x749.jpg 600w\" sizes=\"(max-width: 240px) 100vw, 240px\" \/><\/p>\n","protected":false},"excerpt":{"rendered":"<p>Le bavoir pour manger avec \u00e9l\u00e9gance \ud83d\ude42<\/p>\n<p>Bavoir en coton 100% OEKO-TEX, r\u00e9glable avec ses deux pressions color\u00e9es.<\/p>\n<p>Son look est plut\u00f4t sympa avec ses petites \u00e9tiquettes qui d\u00e9passent sur le bas (couleur \u00e9tiquettes al\u00e9atoire mais toujours assorties) .<\/p>\n<p>facile d&#8217;entretien, lavable en machine et repassable.<\/p>\n","protected":false},"featured_media":200,"comment_status":"open","ping_status":"closed","template":"","meta":[],"_links":{"self":[{"href":"https:\/\/lilibelleetmarius.fr\/index.php\/wp-json\/wp\/v2\/product\/199"}],"collection":[{"href":"https:\/\/lilibelleetmarius.fr\/index.php\/wp-json\/wp\/v2\/product"}],"about":[{"href":"https:\/\/lilibelleetmarius.fr\/index.php\/wp-json\/wp\/v2\/types\/product"}],"replies":[{"embeddable":true,"href":"https:\/\/lilibelleetmarius.fr\/index.php\/wp-json\/wp\/v2\/comments?post=199"}],"version-history":[{"count":2,"href":"https:\/\/lilibelleetmarius.fr\/index.php\/wp-json\/wp\/v2\/product\/199\/revisions"}],"predecessor-version":[{"id":237,"href":"https:\/\/lilibelleetmarius.fr\/index.php\/wp-json\/wp\/v2\/product\/199\/revisions\/237"}],"wp:featuredmedia":[{"embeddable":true,"href":"https:\/\/lilibelleetmarius.fr\/index.php\/wp-json\/wp\/v2\/media\/200"}],"wp:attachment":[{"href":"https:\/\/lilibelleetmarius.fr\/index.php\/wp-json\/wp\/v2\/media?parent=199"}],"curies":[{"name":"wp","href":"https:\/\/api.w.org\/{rel}","templated":true}]}}