{"id":192,"date":"2021-03-13T14:23:52","date_gmt":"2021-03-13T13:23:52","guid":{"rendered":"http:\/\/lilibelleetmarius.fr\/?post_type=product&#038;p=192"},"modified":"2021-03-14T11:03:57","modified_gmt":"2021-03-14T10:03:57","slug":"bavoir-grand-modele-pois-2","status":"publish","type":"product","link":"https:\/\/lilibelleetmarius.fr\/index.php\/produit\/bavoir-grand-modele-pois-2\/","title":{"rendered":"Bavoir grand mod\u00e8le Pois"},"content":{"rendered":"<p><img loading=\"lazy\" class=\"alignnone size-medium wp-image-193\" src=\"http:\/\/lilibelleetmarius.fr\/wp-content\/uploads\/2021\/03\/20210111_115009-225x300.jpg\" alt=\"Bavoir grand mod\u00e8le Pois\" width=\"225\" height=\"300\" srcset=\"https:\/\/lilibelleetmarius.fr\/wp-content\/uploads\/2021\/03\/20210111_115009-225x300.jpg 225w, https:\/\/lilibelleetmarius.fr\/wp-content\/uploads\/2021\/03\/20210111_115009-768x1024.jpg 768w, https:\/\/lilibelleetmarius.fr\/wp-content\/uploads\/2021\/03\/20210111_115009-1152x1536.jpg 1152w, https:\/\/lilibelleetmarius.fr\/wp-content\/uploads\/2021\/03\/20210111_115009-1536x2048.jpg 1536w, https:\/\/lilibelleetmarius.fr\/wp-content\/uploads\/2021\/03\/20210111_115009-600x800.jpg 600w, https:\/\/lilibelleetmarius.fr\/wp-content\/uploads\/2021\/03\/20210111_115009-scaled.jpg 1920w\" sizes=\"(max-width: 225px) 100vw, 225px\" \/> <img loading=\"lazy\" class=\"alignnone size-medium wp-image-205\" src=\"http:\/\/lilibelleetmarius.fr\/wp-content\/uploads\/2021\/03\/20210111_130633-231x300.jpg\" alt=\"\" width=\"231\" height=\"300\" srcset=\"https:\/\/lilibelleetmarius.fr\/wp-content\/uploads\/2021\/03\/20210111_130633-231x300.jpg 231w, https:\/\/lilibelleetmarius.fr\/wp-content\/uploads\/2021\/03\/20210111_130633-790x1024.jpg 790w, https:\/\/lilibelleetmarius.fr\/wp-content\/uploads\/2021\/03\/20210111_130633-768x995.jpg 768w, https:\/\/lilibelleetmarius.fr\/wp-content\/uploads\/2021\/03\/20210111_130633-1185x1536.jpg 1185w, https:\/\/lilibelleetmarius.fr\/wp-content\/uploads\/2021\/03\/20210111_130633-1580x2048.jpg 1580w, https:\/\/lilibelleetmarius.fr\/wp-content\/uploads\/2021\/03\/20210111_130633-600x778.jpg 600w, https:\/\/lilibelleetmarius.fr\/wp-content\/uploads\/2021\/03\/20210111_130633-scaled.jpg 1975w\" sizes=\"(max-width: 231px) 100vw, 231px\" \/><\/p>\n","protected":false},"excerpt":{"rendered":"<p>Le bavoir pour manger avec \u00e9l\u00e9gance \ud83d\ude42<\/p>\n<p>Bavoir en coton 100% OEKO-TEX100, r\u00e9glable avec ses deux pressions color\u00e9es.<\/p>\n<p>Son look est plut\u00f4t sympa avec ses petites \u00e9tiquettes qui d\u00e9passent sur le bas .<\/p>\n<p>facile d&#8217;entretien, lavable en machine et repassable.<\/p>\n","protected":false},"featured_media":193,"comment_status":"open","ping_status":"closed","template":"","meta":[],"_links":{"self":[{"href":"https:\/\/lilibelleetmarius.fr\/index.php\/wp-json\/wp\/v2\/product\/192"}],"collection":[{"href":"https:\/\/lilibelleetmarius.fr\/index.php\/wp-json\/wp\/v2\/product"}],"about":[{"href":"https:\/\/lilibelleetmarius.fr\/index.php\/wp-json\/wp\/v2\/types\/product"}],"replies":[{"embeddable":true,"href":"https:\/\/lilibelleetmarius.fr\/index.php\/wp-json\/wp\/v2\/comments?post=192"}],"version-history":[{"count":3,"href":"https:\/\/lilibelleetmarius.fr\/index.php\/wp-json\/wp\/v2\/product\/192\/revisions"}],"predecessor-version":[{"id":206,"href":"https:\/\/lilibelleetmarius.fr\/index.php\/wp-json\/wp\/v2\/product\/192\/revisions\/206"}],"wp:featuredmedia":[{"embeddable":true,"href":"https:\/\/lilibelleetmarius.fr\/index.php\/wp-json\/wp\/v2\/media\/193"}],"wp:attachment":[{"href":"https:\/\/lilibelleetmarius.fr\/index.php\/wp-json\/wp\/v2\/media?parent=192"}],"curies":[{"name":"wp","href":"https:\/\/api.w.org\/{rel}","templated":true}]}}