{"id":187,"date":"2021-03-13T14:19:04","date_gmt":"2021-03-13T13:19:04","guid":{"rendered":"http:\/\/lilibelleetmarius.fr\/?post_type=product&#038;p=187"},"modified":"2021-03-14T11:05:15","modified_gmt":"2021-03-14T10:05:15","slug":"bavoir-grand-modele-pois","status":"publish","type":"product","link":"https:\/\/lilibelleetmarius.fr\/index.php\/produit\/bavoir-grand-modele-pois\/","title":{"rendered":"Bavoir grand mod\u00e8le Pois"},"content":{"rendered":"<p><img loading=\"lazy\" class=\"alignnone size-medium wp-image-189\" style=\"font-weight: inherit;\" src=\"http:\/\/lilibelleetmarius.fr\/wp-content\/uploads\/2021\/03\/20210111_130110-238x300.jpg\" alt=\"Bavoir grand mod\u00e8le Pois\" width=\"238\" height=\"300\" srcset=\"https:\/\/lilibelleetmarius.fr\/wp-content\/uploads\/2021\/03\/20210111_130110-238x300.jpg 238w, https:\/\/lilibelleetmarius.fr\/wp-content\/uploads\/2021\/03\/20210111_130110-811x1024.jpg 811w, https:\/\/lilibelleetmarius.fr\/wp-content\/uploads\/2021\/03\/20210111_130110-768x970.jpg 768w, https:\/\/lilibelleetmarius.fr\/wp-content\/uploads\/2021\/03\/20210111_130110-1217x1536.jpg 1217w, https:\/\/lilibelleetmarius.fr\/wp-content\/uploads\/2021\/03\/20210111_130110-1622x2048.jpg 1622w, https:\/\/lilibelleetmarius.fr\/wp-content\/uploads\/2021\/03\/20210111_130110-600x757.jpg 600w, https:\/\/lilibelleetmarius.fr\/wp-content\/uploads\/2021\/03\/20210111_130110-scaled.jpg 2028w\" sizes=\"(max-width: 238px) 100vw, 238px\" \/>\u00a0<img loading=\"lazy\" class=\"alignnone size-medium wp-image-190\" src=\"http:\/\/lilibelleetmarius.fr\/wp-content\/uploads\/2021\/03\/20210111_130139-222x300.jpg\" alt=\"\" width=\"222\" height=\"300\" srcset=\"https:\/\/lilibelleetmarius.fr\/wp-content\/uploads\/2021\/03\/20210111_130139-222x300.jpg 222w, https:\/\/lilibelleetmarius.fr\/wp-content\/uploads\/2021\/03\/20210111_130139-759x1024.jpg 759w, https:\/\/lilibelleetmarius.fr\/wp-content\/uploads\/2021\/03\/20210111_130139-768x1037.jpg 768w, https:\/\/lilibelleetmarius.fr\/wp-content\/uploads\/2021\/03\/20210111_130139-1138x1536.jpg 1138w, https:\/\/lilibelleetmarius.fr\/wp-content\/uploads\/2021\/03\/20210111_130139-1517x2048.jpg 1517w, https:\/\/lilibelleetmarius.fr\/wp-content\/uploads\/2021\/03\/20210111_130139-600x810.jpg 600w, https:\/\/lilibelleetmarius.fr\/wp-content\/uploads\/2021\/03\/20210111_130139-scaled.jpg 1897w\" sizes=\"(max-width: 222px) 100vw, 222px\" \/><img loading=\"lazy\" class=\"alignnone size-medium wp-image-188\" style=\"font-weight: inherit;\" src=\"http:\/\/lilibelleetmarius.fr\/wp-content\/uploads\/2021\/03\/20210111_114610-225x300.jpg\" alt=\"\" width=\"225\" height=\"300\" srcset=\"https:\/\/lilibelleetmarius.fr\/wp-content\/uploads\/2021\/03\/20210111_114610-225x300.jpg 225w, https:\/\/lilibelleetmarius.fr\/wp-content\/uploads\/2021\/03\/20210111_114610-768x1024.jpg 768w, https:\/\/lilibelleetmarius.fr\/wp-content\/uploads\/2021\/03\/20210111_114610-1152x1536.jpg 1152w, https:\/\/lilibelleetmarius.fr\/wp-content\/uploads\/2021\/03\/20210111_114610-1536x2048.jpg 1536w, https:\/\/lilibelleetmarius.fr\/wp-content\/uploads\/2021\/03\/20210111_114610-600x800.jpg 600w, https:\/\/lilibelleetmarius.fr\/wp-content\/uploads\/2021\/03\/20210111_114610-scaled.jpg 1920w\" sizes=\"(max-width: 225px) 100vw, 225px\" \/><span style=\"font-size: 16px;\">\u00a0<\/span><\/p>\n","protected":false},"excerpt":{"rendered":"<p>Le bavoir pour manger avec \u00e9l\u00e9gance \ud83d\ude42<\/p>\n<p>Bavoir en coton 100%, r\u00e9glable avec ses deux pressions color\u00e9es.<\/p>\n<p>Son look est plut\u00f4t sympa avec ses petites \u00e9tiquettes qui d\u00e9passent sur le bas .<\/p>\n<p>facile d&#8217;entretien, lavable en machine et repassable.<\/p>\n","protected":false},"featured_media":189,"comment_status":"open","ping_status":"closed","template":"","meta":[],"_links":{"self":[{"href":"https:\/\/lilibelleetmarius.fr\/index.php\/wp-json\/wp\/v2\/product\/187"}],"collection":[{"href":"https:\/\/lilibelleetmarius.fr\/index.php\/wp-json\/wp\/v2\/product"}],"about":[{"href":"https:\/\/lilibelleetmarius.fr\/index.php\/wp-json\/wp\/v2\/types\/product"}],"replies":[{"embeddable":true,"href":"https:\/\/lilibelleetmarius.fr\/index.php\/wp-json\/wp\/v2\/comments?post=187"}],"version-history":[{"count":1,"href":"https:\/\/lilibelleetmarius.fr\/index.php\/wp-json\/wp\/v2\/product\/187\/revisions"}],"predecessor-version":[{"id":191,"href":"https:\/\/lilibelleetmarius.fr\/index.php\/wp-json\/wp\/v2\/product\/187\/revisions\/191"}],"wp:featuredmedia":[{"embeddable":true,"href":"https:\/\/lilibelleetmarius.fr\/index.php\/wp-json\/wp\/v2\/media\/189"}],"wp:attachment":[{"href":"https:\/\/lilibelleetmarius.fr\/index.php\/wp-json\/wp\/v2\/media?parent=187"}],"curies":[{"name":"wp","href":"https:\/\/api.w.org\/{rel}","templated":true}]}}