{"id":181,"date":"2021-03-13T14:13:35","date_gmt":"2021-03-13T13:13:35","guid":{"rendered":"http:\/\/lilibelleetmarius.fr\/?post_type=product&#038;p=181"},"modified":"2021-03-14T11:00:10","modified_gmt":"2021-03-14T10:00:10","slug":"bavoir-grand-modele-fleurs","status":"publish","type":"product","link":"https:\/\/lilibelleetmarius.fr\/index.php\/produit\/bavoir-grand-modele-fleurs\/","title":{"rendered":"Bavoir grand mod\u00e8le Fleurs"},"content":{"rendered":"<p><img loading=\"lazy\" class=\"alignnone size-medium wp-image-183\" style=\"font-weight: inherit;\" src=\"http:\/\/lilibelleetmarius.fr\/wp-content\/uploads\/2021\/03\/20210111_130538-266x300.jpg\" alt=\"\" width=\"266\" height=\"300\" srcset=\"https:\/\/lilibelleetmarius.fr\/wp-content\/uploads\/2021\/03\/20210111_130538-266x300.jpg 266w, https:\/\/lilibelleetmarius.fr\/wp-content\/uploads\/2021\/03\/20210111_130538-908x1024.jpg 908w, https:\/\/lilibelleetmarius.fr\/wp-content\/uploads\/2021\/03\/20210111_130538-768x867.jpg 768w, https:\/\/lilibelleetmarius.fr\/wp-content\/uploads\/2021\/03\/20210111_130538-1361x1536.jpg 1361w, https:\/\/lilibelleetmarius.fr\/wp-content\/uploads\/2021\/03\/20210111_130538-1815x2048.jpg 1815w, https:\/\/lilibelleetmarius.fr\/wp-content\/uploads\/2021\/03\/20210111_130538-600x677.jpg 600w\" sizes=\"(max-width: 266px) 100vw, 266px\" \/><img loading=\"lazy\" class=\"alignnone size-medium wp-image-182\" src=\"http:\/\/lilibelleetmarius.fr\/wp-content\/uploads\/2021\/03\/20210111_114901-225x300.jpg\" alt=\"\" width=\"225\" height=\"300\" srcset=\"https:\/\/lilibelleetmarius.fr\/wp-content\/uploads\/2021\/03\/20210111_114901-225x300.jpg 225w, https:\/\/lilibelleetmarius.fr\/wp-content\/uploads\/2021\/03\/20210111_114901-768x1024.jpg 768w, https:\/\/lilibelleetmarius.fr\/wp-content\/uploads\/2021\/03\/20210111_114901-1152x1536.jpg 1152w, https:\/\/lilibelleetmarius.fr\/wp-content\/uploads\/2021\/03\/20210111_114901-1536x2048.jpg 1536w, https:\/\/lilibelleetmarius.fr\/wp-content\/uploads\/2021\/03\/20210111_114901-600x800.jpg 600w, https:\/\/lilibelleetmarius.fr\/wp-content\/uploads\/2021\/03\/20210111_114901-scaled.jpg 1920w\" sizes=\"(max-width: 225px) 100vw, 225px\" \/> \u00a0<img loading=\"lazy\" class=\"alignnone size-medium wp-image-184\" src=\"http:\/\/lilibelleetmarius.fr\/wp-content\/uploads\/2021\/03\/20210111_130607-246x300.jpg\" alt=\"\" width=\"246\" height=\"300\" srcset=\"https:\/\/lilibelleetmarius.fr\/wp-content\/uploads\/2021\/03\/20210111_130607-246x300.jpg 246w, https:\/\/lilibelleetmarius.fr\/wp-content\/uploads\/2021\/03\/20210111_130607-841x1024.jpg 841w, https:\/\/lilibelleetmarius.fr\/wp-content\/uploads\/2021\/03\/20210111_130607-768x935.jpg 768w, https:\/\/lilibelleetmarius.fr\/wp-content\/uploads\/2021\/03\/20210111_130607-1262x1536.jpg 1262w, https:\/\/lilibelleetmarius.fr\/wp-content\/uploads\/2021\/03\/20210111_130607-1682x2048.jpg 1682w, https:\/\/lilibelleetmarius.fr\/wp-content\/uploads\/2021\/03\/20210111_130607-600x730.jpg 600w\" sizes=\"(max-width: 246px) 100vw, 246px\" \/><\/p>\n","protected":false},"excerpt":{"rendered":"<p>Le bavoir pour manger avec \u00e9l\u00e9gance \ud83d\ude42<\/p>\n<p>Bavoir en coton 100% OEKO-TEX100, r\u00e9glable avec ses deux pressions color\u00e9es.<\/p>\n<p>Son look est plut\u00f4t sympa avec ses petites \u00e9tiquettes qui d\u00e9passent sur le bas (couleur \u00e9tiquettes al\u00e9atoires mais toujours assorties).<\/p>\n<p>facile d&#8217;entretien, lavable en machine et repassable.<\/p>\n","protected":false},"featured_media":183,"comment_status":"open","ping_status":"closed","template":"","meta":[],"_links":{"self":[{"href":"https:\/\/lilibelleetmarius.fr\/index.php\/wp-json\/wp\/v2\/product\/181"}],"collection":[{"href":"https:\/\/lilibelleetmarius.fr\/index.php\/wp-json\/wp\/v2\/product"}],"about":[{"href":"https:\/\/lilibelleetmarius.fr\/index.php\/wp-json\/wp\/v2\/types\/product"}],"replies":[{"embeddable":true,"href":"https:\/\/lilibelleetmarius.fr\/index.php\/wp-json\/wp\/v2\/comments?post=181"}],"version-history":[{"count":2,"href":"https:\/\/lilibelleetmarius.fr\/index.php\/wp-json\/wp\/v2\/product\/181\/revisions"}],"predecessor-version":[{"id":236,"href":"https:\/\/lilibelleetmarius.fr\/index.php\/wp-json\/wp\/v2\/product\/181\/revisions\/236"}],"wp:featuredmedia":[{"embeddable":true,"href":"https:\/\/lilibelleetmarius.fr\/index.php\/wp-json\/wp\/v2\/media\/183"}],"wp:attachment":[{"href":"https:\/\/lilibelleetmarius.fr\/index.php\/wp-json\/wp\/v2\/media?parent=181"}],"curies":[{"name":"wp","href":"https:\/\/api.w.org\/{rel}","templated":true}]}}