{"id":139,"date":"2021-03-11T14:54:49","date_gmt":"2021-03-11T13:54:49","guid":{"rendered":"http:\/\/lilibelleetmarius.fr\/?post_type=product&#038;p=139"},"modified":"2021-03-14T11:33:09","modified_gmt":"2021-03-14T10:33:09","slug":"protege-carnet-de-sante-lemurien","status":"publish","type":"product","link":"https:\/\/lilibelleetmarius.fr\/index.php\/produit\/protege-carnet-de-sante-lemurien\/","title":{"rendered":"Prot\u00e8ge carnet de sant\u00e9 &#8220;LEMURIEN&#8221;"},"content":{"rendered":"<p><img loading=\"lazy\" class=\"alignnone size-medium wp-image-143\" style=\"font-weight: inherit;\" src=\"http:\/\/lilibelleetmarius.fr\/wp-content\/uploads\/2021\/03\/20210110_184626-218x300.jpg\" alt=\"Prot\u00e8ge carnet de sant\u00e9 LEMURIEN\" width=\"218\" height=\"300\" srcset=\"https:\/\/lilibelleetmarius.fr\/wp-content\/uploads\/2021\/03\/20210110_184626-218x300.jpg 218w, https:\/\/lilibelleetmarius.fr\/wp-content\/uploads\/2021\/03\/20210110_184626-743x1024.jpg 743w, https:\/\/lilibelleetmarius.fr\/wp-content\/uploads\/2021\/03\/20210110_184626-768x1058.jpg 768w, https:\/\/lilibelleetmarius.fr\/wp-content\/uploads\/2021\/03\/20210110_184626-1115x1536.jpg 1115w, https:\/\/lilibelleetmarius.fr\/wp-content\/uploads\/2021\/03\/20210110_184626-1486x2048.jpg 1486w, https:\/\/lilibelleetmarius.fr\/wp-content\/uploads\/2021\/03\/20210110_184626-600x827.jpg 600w, https:\/\/lilibelleetmarius.fr\/wp-content\/uploads\/2021\/03\/20210110_184626.jpg 1572w\" sizes=\"(max-width: 218px) 100vw, 218px\" \/><img loading=\"lazy\" class=\"alignnone size-medium wp-image-142\" src=\"http:\/\/lilibelleetmarius.fr\/wp-content\/uploads\/2021\/03\/20210110_184607-300x232.jpg\" alt=\"\" width=\"300\" height=\"232\" srcset=\"https:\/\/lilibelleetmarius.fr\/wp-content\/uploads\/2021\/03\/20210110_184607-300x232.jpg 300w, https:\/\/lilibelleetmarius.fr\/wp-content\/uploads\/2021\/03\/20210110_184607-1024x790.jpg 1024w, https:\/\/lilibelleetmarius.fr\/wp-content\/uploads\/2021\/03\/20210110_184607-768x593.jpg 768w, https:\/\/lilibelleetmarius.fr\/wp-content\/uploads\/2021\/03\/20210110_184607-1536x1185.jpg 1536w, https:\/\/lilibelleetmarius.fr\/wp-content\/uploads\/2021\/03\/20210110_184607-2048x1581.jpg 2048w, https:\/\/lilibelleetmarius.fr\/wp-content\/uploads\/2021\/03\/20210110_184607-600x463.jpg 600w\" sizes=\"(max-width: 300px) 100vw, 300px\" \/><\/p>\n","protected":false},"excerpt":{"rendered":"<p>Joli prot\u00e8ge carnet de sant\u00e9 fait avec amour pour votre petit tr\u00e9sor.<\/p>\n<p><strong>Description:<\/strong><\/p>\n<p>Deux grands rabats \u00e0 l&#8217;int\u00e9rieur (pour mettre le carnet mais \u00e9galement les multitudes de documents qu&#8217;on accumule chez le p\u00e9diatre, oui oui ).<\/p>\n<p><strong>Motifs:<\/strong>\u00a0L\u00e9muriens et feuilles color\u00e9es.<\/p>\n<p><strong>Petit plus:<\/strong>\u00a0Un marque page bien pratique et mignon avec son c\u0153ur en feutrine rouge.<\/p>\n<p>Mod\u00e8le unique.<\/p>\n<p>Convient aux carnets d\u00e9livr\u00e9s en maternit\u00e9 de France.<\/p>\n<p>Tissus de coton imprim\u00e9 OEKO-TEX.<\/p>\n<p>Lavable en machine max 40\u00b0C et repassage.<\/p>\n<p>Dimensions: 22.5 cm x 16.5 cm.<\/p>\n<p>Article personnalisable avec un pr\u00e9nom (surnom ou mot doux)<\/p>\n","protected":false},"featured_media":143,"comment_status":"open","ping_status":"closed","template":"","meta":[],"_links":{"self":[{"href":"https:\/\/lilibelleetmarius.fr\/index.php\/wp-json\/wp\/v2\/product\/139"}],"collection":[{"href":"https:\/\/lilibelleetmarius.fr\/index.php\/wp-json\/wp\/v2\/product"}],"about":[{"href":"https:\/\/lilibelleetmarius.fr\/index.php\/wp-json\/wp\/v2\/types\/product"}],"replies":[{"embeddable":true,"href":"https:\/\/lilibelleetmarius.fr\/index.php\/wp-json\/wp\/v2\/comments?post=139"}],"version-history":[{"count":2,"href":"https:\/\/lilibelleetmarius.fr\/index.php\/wp-json\/wp\/v2\/product\/139\/revisions"}],"predecessor-version":[{"id":165,"href":"https:\/\/lilibelleetmarius.fr\/index.php\/wp-json\/wp\/v2\/product\/139\/revisions\/165"}],"wp:featuredmedia":[{"embeddable":true,"href":"https:\/\/lilibelleetmarius.fr\/index.php\/wp-json\/wp\/v2\/media\/143"}],"wp:attachment":[{"href":"https:\/\/lilibelleetmarius.fr\/index.php\/wp-json\/wp\/v2\/media?parent=139"}],"curies":[{"name":"wp","href":"https:\/\/api.w.org\/{rel}","templated":true}]}}