{"id":281,"date":"2021-03-14T13:15:48","date_gmt":"2021-03-14T12:15:48","guid":{"rendered":"http:\/\/lilibelleetmarius.fr\/?page_id=281"},"modified":"2021-03-23T14:17:42","modified_gmt":"2021-03-23T13:17:42","slug":"accueil","status":"publish","type":"page","link":"https:\/\/lilibelleetmarius.fr\/","title":{"rendered":"Accueil"},"content":{"rendered":"\t\t<div data-elementor-type=\"wp-page\" data-elementor-id=\"281\" class=\"elementor elementor-281\" data-elementor-settings=\"[]\">\n\t\t\t\t\t\t\t<div class=\"elementor-section-wrap\">\n\t\t\t\t\t\t\t<section class=\"elementor-section elementor-top-section elementor-element elementor-element-4c79155 elementor-section-full_width elementor-section-content-top elementor-section-height-default elementor-section-height-default\" data-id=\"4c79155\" data-element_type=\"section\">\n\t\t\t\t\t\t<div class=\"elementor-container elementor-column-gap-no\">\n\t\t\t\t\t<div class=\"elementor-column elementor-col-100 elementor-top-column elementor-element elementor-element-9be5e7a\" data-id=\"9be5e7a\" data-element_type=\"column\">\n\t\t\t<div class=\"elementor-widget-wrap elementor-element-populated\">\n\t\t\t\t\t\t\t\t<div class=\"elementor-element elementor-element-0e629db elementor-arrows-position-inside elementor-invisible elementor-widget elementor-widget-image-carousel\" data-id=\"0e629db\" data-element_type=\"widget\" data-settings=\"{&quot;navigation&quot;:&quot;arrows&quot;,&quot;_animation&quot;:&quot;fadeIn&quot;,&quot;autoplay&quot;:&quot;yes&quot;,&quot;pause_on_hover&quot;:&quot;yes&quot;,&quot;pause_on_interaction&quot;:&quot;yes&quot;,&quot;autoplay_speed&quot;:5000,&quot;infinite&quot;:&quot;yes&quot;,&quot;speed&quot;:500}\" data-widget_type=\"image-carousel.default\">\n\t\t\t\t<div class=\"elementor-widget-container\">\n\t\t\t\t\t<div class=\"elementor-image-carousel-wrapper swiper-container\" dir=\"ltr\">\n\t\t\t<div class=\"elementor-image-carousel swiper-wrapper\">\n\t\t\t\t<div class=\"swiper-slide\"><a data-elementor-open-lightbox=\"yes\" data-elementor-lightbox-slideshow=\"0e629db\" data-elementor-lightbox-title=\"IMG_20201001_220409_047\" href=\"http:\/\/lilibelleetmarius.fr\/index.php\/boutique\/\"><figure class=\"swiper-slide-inner\"><img class=\"swiper-slide-image\" src=\"https:\/\/lilibelleetmarius.fr\/wp-content\/uploads\/2021\/03\/IMG_20201001_220409_047-1024x1024.jpg\" alt=\"IMG_20201001_220409_047\" \/><\/figure><\/a><\/div><div class=\"swiper-slide\"><a data-elementor-open-lightbox=\"yes\" data-elementor-lightbox-slideshow=\"0e629db\" data-elementor-lightbox-title=\"Sac simili cuir grand mod\u00e8le\" href=\"http:\/\/lilibelleetmarius.fr\/index.php\/boutique\/\"><figure class=\"swiper-slide-inner\"><img class=\"swiper-slide-image\" src=\"https:\/\/lilibelleetmarius.fr\/wp-content\/uploads\/2021\/03\/IMG-20200924-WA0031-768x1024.jpg\" alt=\"Sac simili cuir grand mod\u00e8le\" \/><\/figure><\/a><\/div><div class=\"swiper-slide\"><a data-elementor-open-lightbox=\"yes\" data-elementor-lightbox-slideshow=\"0e629db\" data-elementor-lightbox-title=\"IMG-20201007-WA0010\" href=\"http:\/\/lilibelleetmarius.fr\/index.php\/boutique\/\"><figure class=\"swiper-slide-inner\"><img class=\"swiper-slide-image\" src=\"https:\/\/lilibelleetmarius.fr\/wp-content\/uploads\/2021\/03\/IMG-20201007-WA0010-1-1024x768.jpg\" alt=\"IMG-20201007-WA0010\" \/><\/figure><\/a><\/div><div class=\"swiper-slide\"><a data-elementor-open-lightbox=\"yes\" data-elementor-lightbox-slideshow=\"0e629db\" data-elementor-lightbox-title=\"Lingettes rondes lavables &quot;purple flowers&quot;\" href=\"http:\/\/lilibelleetmarius.fr\/index.php\/boutique\/\"><figure class=\"swiper-slide-inner\"><img class=\"swiper-slide-image\" src=\"https:\/\/lilibelleetmarius.fr\/wp-content\/uploads\/2021\/03\/20210304_122959-768x1024.jpg\" alt=\"Lingettes rondes lavables &quot;purple flowers&quot;\" \/><\/figure><\/a><\/div><div class=\"swiper-slide\"><a data-elementor-open-lightbox=\"yes\" data-elementor-lightbox-slideshow=\"0e629db\" data-elementor-lightbox-title=\"Pack naissance\" href=\"http:\/\/lilibelleetmarius.fr\/index.php\/boutique\/\"><figure class=\"swiper-slide-inner\"><img class=\"swiper-slide-image\" src=\"https:\/\/lilibelleetmarius.fr\/wp-content\/uploads\/2021\/03\/IMG_20210301_182144_614-1024x1024.jpg\" alt=\"Pack naissance\" \/><\/figure><\/a><\/div><div class=\"swiper-slide\"><a data-elementor-open-lightbox=\"yes\" data-elementor-lightbox-slideshow=\"0e629db\" data-elementor-lightbox-title=\"IMG_20201205_092034\" href=\"http:\/\/lilibelleetmarius.fr\/index.php\/boutique\/\"><figure class=\"swiper-slide-inner\"><img class=\"swiper-slide-image\" src=\"https:\/\/lilibelleetmarius.fr\/wp-content\/uploads\/2021\/03\/IMG_20201205_092034-1-1024x1024.jpg\" alt=\"IMG_20201205_092034\" \/><\/figure><\/a><\/div><div class=\"swiper-slide\"><a data-elementor-open-lightbox=\"yes\" data-elementor-lightbox-slideshow=\"0e629db\" data-elementor-lightbox-title=\"20201110_100731\" href=\"http:\/\/lilibelleetmarius.fr\/index.php\/boutique\/\"><figure class=\"swiper-slide-inner\"><img class=\"swiper-slide-image\" src=\"https:\/\/lilibelleetmarius.fr\/wp-content\/uploads\/2021\/03\/20201110_100731-768x1024.jpg\" alt=\"20201110_100731\" \/><\/figure><\/a><\/div>\t\t\t<\/div>\n\t\t\t\t\t\t\t\t\t\t\t\t\t\t\t\t<div class=\"elementor-swiper-button elementor-swiper-button-prev\">\n\t\t\t\t\t\t<i class=\"eicon-chevron-left\" aria-hidden=\"true\"><\/i>\n\t\t\t\t\t\t<span class=\"elementor-screen-only\">Previous<\/span>\n\t\t\t\t\t<\/div>\n\t\t\t\t\t<div class=\"elementor-swiper-button elementor-swiper-button-next\">\n\t\t\t\t\t\t<i class=\"eicon-chevron-right\" aria-hidden=\"true\"><\/i>\n\t\t\t\t\t\t<span class=\"elementor-screen-only\">Next<\/span>\n\t\t\t\t\t<\/div>\n\t\t\t\t\t\t\t\t\t<\/div>\n\t\t\t\t<\/div>\n\t\t\t\t<\/div>\n\t\t\t\t<div class=\"elementor-element elementor-element-b388da3 elementor-position-left elementor-vertical-align-top elementor-widget elementor-widget-image-box\" data-id=\"b388da3\" data-element_type=\"widget\" data-widget_type=\"image-box.default\">\n\t\t\t\t<div class=\"elementor-widget-container\">\n\t\t\t<div class=\"elementor-image-box-wrapper\"><figure class=\"elementor-image-box-img\"><a href=\"http:\/\/lilibelleetmarius.fr\/index.php\/contact\/\"><img width=\"744\" height=\"1320\" src=\"https:\/\/lilibelleetmarius.fr\/wp-content\/uploads\/2021\/03\/IMG-20200120-WA0010.jpg\" class=\"elementor-animation-pulse-shrink attachment-full size-full\" alt=\"\" loading=\"lazy\" srcset=\"https:\/\/lilibelleetmarius.fr\/wp-content\/uploads\/2021\/03\/IMG-20200120-WA0010.jpg 744w, https:\/\/lilibelleetmarius.fr\/wp-content\/uploads\/2021\/03\/IMG-20200120-WA0010-169x300.jpg 169w, https:\/\/lilibelleetmarius.fr\/wp-content\/uploads\/2021\/03\/IMG-20200120-WA0010-577x1024.jpg 577w, https:\/\/lilibelleetmarius.fr\/wp-content\/uploads\/2021\/03\/IMG-20200120-WA0010-600x1065.jpg 600w\" sizes=\"(max-width: 744px) 100vw, 744px\" \/><\/a><\/figure><div class=\"elementor-image-box-content\"><h3 class=\"elementor-image-box-title\"><a href=\"http:\/\/lilibelleetmarius.fr\/index.php\/contact\/\">Bienvenue sur mon site! <\/a><\/h3><p class=\"elementor-image-box-description\">Hello,\n\nMon pr\u00e9nom est M\u00e9lodie, je suis maman et cr\u00e9atrice depuis ma plus tendre enfance.\n\nJe vous propose sur mon site des produits r\u00e9alis\u00e9s \u00e0 la main et avec \u00ab Amour \u00bb dans mon petit atelier au c\u0153ur de la Provence.\n\nLes mat\u00e9riaux que j\u2019utilise sont de qualit\u00e9 et respectueux de notre environnement; ils r\u00e9pondent aux normes en vigueur pour la sant\u00e9 de nos b\u00e9b\u00e9s ch\u00e9ris.\n\nVous pouvez personnaliser vos coups de c\u0153ur, il suffit simplement de mettre l\u2019article personnalisation dans le panier et de me contacter avant validation.\n\nBon shopping ! M\u00e9lodie V.<\/p><\/div><\/div>\t\t<\/div>\n\t\t\t\t<\/div>\n\t\t\t\t\t<\/div>\n\t\t<\/div>\n\t\t\t\t\t\t\t<\/div>\n\t\t<\/section>\n\t\t\t\t<section class=\"elementor-section elementor-top-section elementor-element elementor-element-152de58 elementor-section-full_width elementor-section-content-top elementor-section-height-default elementor-section-height-default\" data-id=\"152de58\" data-element_type=\"section\">\n\t\t\t\t\t\t<div class=\"elementor-container elementor-column-gap-no\">\n\t\t\t\t\t<div class=\"elementor-column elementor-col-100 elementor-top-column elementor-element elementor-element-a09c268\" data-id=\"a09c268\" data-element_type=\"column\">\n\t\t\t<div class=\"elementor-widget-wrap elementor-element-populated\">\n\t\t\t\t\t\t\t\t<div class=\"elementor-element elementor-element-3be304a elementor-button-info elementor-align-center elementor-widget elementor-widget-button\" data-id=\"3be304a\" data-element_type=\"widget\" data-widget_type=\"button.default\">\n\t\t\t\t<div class=\"elementor-widget-container\">\n\t\t\t\t\t<div class=\"elementor-button-wrapper\">\n\t\t\t<a href=\"http:\/\/lilibelleetmarius.fr\/index.php\/boutique\/\" class=\"elementor-button-link elementor-button elementor-size-md\" role=\"button\">\n\t\t\t\t\t\t<span class=\"elementor-button-content-wrapper\">\n\t\t\t\t\t\t<span class=\"elementor-button-icon elementor-align-icon-left\">\n\t\t\t\t<i aria-hidden=\"true\" class=\"fas fa-bullhorn\"><\/i>\t\t\t<\/span>\n\t\t\t\t\t\t<span class=\"elementor-button-text\">Visitez ma manufacture !<\/span>\n\t\t<\/span>\n\t\t\t\t\t<\/a>\n\t\t<\/div>\n\t\t\t\t<\/div>\n\t\t\t\t<\/div>\n\t\t\t\t\t<\/div>\n\t\t<\/div>\n\t\t\t\t\t\t\t<\/div>\n\t\t<\/section>\n\t\t\t\t\t\t<\/div>\n\t\t\t\t\t<\/div>\n\t\t","protected":false},"excerpt":{"rendered":"<p>Pr\u00e9c\u00e9dent Suivant Bienvenue sur mon site! Hello, Mon pr\u00e9nom est M\u00e9lodie, je suis maman et cr\u00e9atrice depuis ma plus tendre enfance. Je vous propose sur mon site des produits r\u00e9alis\u00e9s \u00e0 la main et avec \u00ab Amour \u00bb dans mon petit atelier au c\u0153ur de la Provence. Les mat\u00e9riaux que j\u2019utilise sont de qualit\u00e9 et &hellip;<\/p>\n<p class=\"read-more\"> <a class=\"\" href=\"https:\/\/lilibelleetmarius.fr\/\"> <span class=\"screen-reader-text\">Accueil<\/span> Read More &raquo;<\/a><\/p>\n","protected":false},"author":1,"featured_media":0,"parent":0,"menu_order":0,"comment_status":"closed","ping_status":"closed","template":"","meta":[],"_links":{"self":[{"href":"https:\/\/lilibelleetmarius.fr\/index.php\/wp-json\/wp\/v2\/pages\/281"}],"collection":[{"href":"https:\/\/lilibelleetmarius.fr\/index.php\/wp-json\/wp\/v2\/pages"}],"about":[{"href":"https:\/\/lilibelleetmarius.fr\/index.php\/wp-json\/wp\/v2\/types\/page"}],"author":[{"embeddable":true,"href":"https:\/\/lilibelleetmarius.fr\/index.php\/wp-json\/wp\/v2\/users\/1"}],"replies":[{"embeddable":true,"href":"https:\/\/lilibelleetmarius.fr\/index.php\/wp-json\/wp\/v2\/comments?post=281"}],"version-history":[{"count":27,"href":"https:\/\/lilibelleetmarius.fr\/index.php\/wp-json\/wp\/v2\/pages\/281\/revisions"}],"predecessor-version":[{"id":558,"href":"https:\/\/lilibelleetmarius.fr\/index.php\/wp-json\/wp\/v2\/pages\/281\/revisions\/558"}],"wp:attachment":[{"href":"https:\/\/lilibelleetmarius.fr\/index.php\/wp-json\/wp\/v2\/media?parent=281"}],"curies":[{"name":"wp","href":"https:\/\/api.w.org\/{rel}","templated":true}]}}