{"id":173,"date":"2021-03-13T12:26:45","date_gmt":"2021-03-13T11:26:45","guid":{"rendered":"http:\/\/lilibelleetmarius.fr\/?page_id=173"},"modified":"2021-03-13T12:34:14","modified_gmt":"2021-03-13T11:34:14","slug":"a-propos","status":"publish","type":"page","link":"https:\/\/lilibelleetmarius.fr\/index.php\/a-propos\/","title":{"rendered":"Qui suis-je?"},"content":{"rendered":"\n<p>Hello, <\/p>\n\n\n\n<p>Mon Pr\u00e9nom est M\u00e9lodie, je suis maman et cr\u00e9atrice depuis ma plus tendre enfance.<\/p>\n\n\n\n<p>Je vous propose sur mon site des produits r\u00e9alis\u00e9s \u00e0 la main et avec \u00ab\u00a0Amour\u00a0\u00bb dans mon petit atelier au c\u0153ur de la Provence.<\/p>\n\n\n\n<p>Les mat\u00e9riaux que j&#8217;utilise sont de qualit\u00e9 et respectueux de notre environnement; ils r\u00e9pondent aux normes en vigueur pour la sant\u00e9 de nos b\u00e9b\u00e9s ch\u00e9ris.<\/p>\n\n\n\n<p>Vous pouvez personnaliser vos coups de c\u0153ur, il suffit simplement de mettre l\u2019article personnalisation dans le panier et de me contacter avant validation.<\/p>\n\n\n\n<p>Bon shopping !    M\u00e9lodie V.<\/p>\n","protected":false},"excerpt":{"rendered":"<p>Hello, Mon Pr\u00e9nom est M\u00e9lodie, je suis maman et cr\u00e9atrice depuis ma plus tendre enfance. Je vous propose sur mon site des produits r\u00e9alis\u00e9s \u00e0 la main et avec \u00ab\u00a0Amour\u00a0\u00bb dans mon petit atelier au c\u0153ur de la Provence. Les mat\u00e9riaux que j&#8217;utilise sont de qualit\u00e9 et respectueux de notre environnement; ils r\u00e9pondent aux normes &hellip;<\/p>\n<p class=\"read-more\"> <a class=\"\" href=\"https:\/\/lilibelleetmarius.fr\/index.php\/a-propos\/\"> <span class=\"screen-reader-text\">Qui suis-je?<\/span> Read More &raquo;<\/a><\/p>\n","protected":false},"author":1,"featured_media":0,"parent":0,"menu_order":0,"comment_status":"closed","ping_status":"closed","template":"","meta":[],"_links":{"self":[{"href":"https:\/\/lilibelleetmarius.fr\/index.php\/wp-json\/wp\/v2\/pages\/173"}],"collection":[{"href":"https:\/\/lilibelleetmarius.fr\/index.php\/wp-json\/wp\/v2\/pages"}],"about":[{"href":"https:\/\/lilibelleetmarius.fr\/index.php\/wp-json\/wp\/v2\/types\/page"}],"author":[{"embeddable":true,"href":"https:\/\/lilibelleetmarius.fr\/index.php\/wp-json\/wp\/v2\/users\/1"}],"replies":[{"embeddable":true,"href":"https:\/\/lilibelleetmarius.fr\/index.php\/wp-json\/wp\/v2\/comments?post=173"}],"version-history":[{"count":2,"href":"https:\/\/lilibelleetmarius.fr\/index.php\/wp-json\/wp\/v2\/pages\/173\/revisions"}],"predecessor-version":[{"id":175,"href":"https:\/\/lilibelleetmarius.fr\/index.php\/wp-json\/wp\/v2\/pages\/173\/revisions\/175"}],"wp:attachment":[{"href":"https:\/\/lilibelleetmarius.fr\/index.php\/wp-json\/wp\/v2\/media?parent=173"}],"curies":[{"name":"wp","href":"https:\/\/api.w.org\/{rel}","templated":true}]}}